{"id":857,"date":"2020-11-03T07:00:26","date_gmt":"2020-11-03T07:00:26","guid":{"rendered":"http:\/\/e-nitiate.com\/?page_id=857"},"modified":"2024-01-22T20:39:44","modified_gmt":"2024-01-22T20:39:44","slug":"marketing-planning","status":"publish","type":"page","link":"https:\/\/e-nitiatemedia.com\/fi\/marketing-planning\/","title":{"rendered":"MARKKINOINTI SUUNNITTELU"},"content":{"rendered":"<div data-elementor-type=\"wp-page\" data-elementor-id=\"857\" class=\"elementor elementor-857\">\n\t\t\t\t\t\t<section class=\"has_eae_slider elementor-section elementor-top-section elementor-element elementor-element-1d396167 elementor-section-boxed elementor-section-height-default elementor-section-height-default\" data-eae-slider=\"15094\" data-id=\"1d396167\" data-element_type=\"section\" data-e-type=\"section\" data-settings=\"{&quot;background_background&quot;:&quot;classic&quot;}\">\n\t\t\t\t\t\t\t<div class=\"elementor-background-overlay\"><\/div>\n\t\t\t\t\t\t\t<div class=\"elementor-container elementor-column-gap-default\">\n\t\t\t\t\t<div class=\"has_eae_slider elementor-column elementor-col-100 elementor-top-column elementor-element elementor-element-5cc88e1b\" data-eae-slider=\"80394\" data-id=\"5cc88e1b\" data-element_type=\"column\" data-e-type=\"column\">\n\t\t\t<div class=\"elementor-widget-wrap elementor-element-populated\">\n\t\t\t\t\t\t<section class=\"has_eae_slider elementor-section elementor-inner-section elementor-element elementor-element-45048514 custinrSecTitle elementor-section-boxed elementor-section-height-default elementor-section-height-default\" data-eae-slider=\"42240\" data-id=\"45048514\" data-element_type=\"section\" data-e-type=\"section\">\n\t\t\t\t\t\t<div class=\"elementor-container elementor-column-gap-default\">\n\t\t\t\t\t<div class=\"has_eae_slider elementor-column elementor-col-100 elementor-inner-column elementor-element elementor-element-58260d48\" data-eae-slider=\"16410\" data-id=\"58260d48\" data-element_type=\"column\" data-e-type=\"column\">\n\t\t\t<div class=\"elementor-widget-wrap elementor-element-populated\">\n\t\t\t\t\t\t<div class=\"elementor-element elementor-element-4b54ab98 custinrSecTitleline elementor-widget-divider--view-line elementor-widget elementor-widget-divider\" data-id=\"4b54ab98\" data-element_type=\"widget\" data-e-type=\"widget\" data-widget_type=\"divider.default\">\n\t\t\t\t<div class=\"elementor-widget-container\">\n\t\t\t\t\t\t\t<div class=\"elementor-divider\">\n\t\t\t<span class=\"elementor-divider-separator\">\n\t\t\t\t\t\t<\/span>\n\t\t<\/div>\n\t\t\t\t\t\t<\/div>\n\t\t\t\t<\/div>\n\t\t\t\t<div class=\"elementor-element elementor-element-90b864d custbnrlist elementor-icon-list--layout-traditional elementor-list-item-link-full_width elementor-widget elementor-widget-icon-list\" data-id=\"90b864d\" data-element_type=\"widget\" data-e-type=\"widget\" data-widget_type=\"icon-list.default\">\n\t\t\t\t<div class=\"elementor-widget-container\">\n\t\t\t\t\t\t\t<ul class=\"elementor-icon-list-items\">\n\t\t\t\t\t\t\t<li class=\"elementor-icon-list-item\">\n\t\t\t\t\t\t\t\t\t\t<span class=\"elementor-icon-list-text\">Digitaalinen markkinoinnin suunnittelu<\/span>\n\t\t\t\t\t\t\t\t\t<\/li>\n\t\t\t\t\t\t\t\t<li class=\"elementor-icon-list-item\">\n\t\t\t\t\t\t\t\t\t\t<span class=\"elementor-icon-list-text\">Sosiaalinen media<\/span>\n\t\t\t\t\t\t\t\t\t<\/li>\n\t\t\t\t\t\t<\/ul>\n\t\t\t\t\t\t<\/div>\n\t\t\t\t<\/div>\n\t\t\t\t\t<\/div>\n\t\t<\/div>\n\t\t\t\t\t<\/div>\n\t\t<\/section>\n\t\t\t\t\t<\/div>\n\t\t<\/div>\n\t\t\t\t\t<\/div>\n\t\t<\/section>\n\t\t\t\t<section class=\"has_eae_slider elementor-section elementor-top-section elementor-element elementor-element-29645237 elementor-section-boxed elementor-section-height-default elementor-section-height-default\" data-eae-slider=\"57448\" data-id=\"29645237\" data-element_type=\"section\" data-e-type=\"section\">\n\t\t\t\t\t\t<div class=\"elementor-container elementor-column-gap-default\">\n\t\t\t\t\t<div class=\"has_eae_slider elementor-column elementor-col-100 elementor-top-column elementor-element elementor-element-4814e40f\" data-eae-slider=\"4228\" data-id=\"4814e40f\" data-element_type=\"column\" data-e-type=\"column\">\n\t\t\t<div class=\"elementor-widget-wrap elementor-element-populated\">\n\t\t\t\t\t\t<section class=\"has_eae_slider elementor-section elementor-inner-section elementor-element elementor-element-2d131f1d elementor-section-boxed elementor-section-height-default elementor-section-height-default\" data-eae-slider=\"97680\" data-id=\"2d131f1d\" data-element_type=\"section\" data-e-type=\"section\">\n\t\t\t\t\t\t<div class=\"elementor-container elementor-column-gap-default\">\n\t\t\t\t\t<div class=\"has_eae_slider elementor-column elementor-col-100 elementor-inner-column elementor-element elementor-element-b1559f1\" data-eae-slider=\"2178\" data-id=\"b1559f1\" data-element_type=\"column\" data-e-type=\"column\">\n\t\t\t<div class=\"elementor-widget-wrap elementor-element-populated\">\n\t\t\t\t\t\t<div class=\"elementor-element elementor-element-392eb844 elementor-widget elementor-widget-heading\" data-id=\"392eb844\" data-element_type=\"widget\" data-e-type=\"widget\" data-widget_type=\"heading.default\">\n\t\t\t\t<div class=\"elementor-widget-container\">\n\t\t\t\t\t<h2 class=\"elementor-heading-title elementor-size-default\">Hyvin suunnitellulla markkinoinnilla saavutat tavoitteesi\n<\/h2>\t\t\t\t<\/div>\n\t\t\t\t<\/div>\n\t\t\t\t<div class=\"elementor-element elementor-element-cdacf23 elementor-widget-divider--view-line elementor-widget elementor-widget-divider\" data-id=\"cdacf23\" data-element_type=\"widget\" data-e-type=\"widget\" data-widget_type=\"divider.default\">\n\t\t\t\t<div class=\"elementor-widget-container\">\n\t\t\t\t\t\t\t<div class=\"elementor-divider\">\n\t\t\t<span class=\"elementor-divider-separator\">\n\t\t\t\t\t\t<\/span>\n\t\t<\/div>\n\t\t\t\t\t\t<\/div>\n\t\t\t\t<\/div>\n\t\t\t\t\t<\/div>\n\t\t<\/div>\n\t\t\t\t\t<\/div>\n\t\t<\/section>\n\t\t\t\t<section class=\"has_eae_slider elementor-section elementor-inner-section elementor-element elementor-element-6da468ba elementor-section-boxed elementor-section-height-default elementor-section-height-default\" data-eae-slider=\"53754\" data-id=\"6da468ba\" data-element_type=\"section\" data-e-type=\"section\">\n\t\t\t\t\t\t<div class=\"elementor-container elementor-column-gap-default\">\n\t\t\t\t\t<div class=\"has_eae_slider elementor-column elementor-col-100 elementor-inner-column elementor-element elementor-element-63cb43cd\" data-eae-slider=\"87264\" data-id=\"63cb43cd\" data-element_type=\"column\" data-e-type=\"column\">\n\t\t\t<div class=\"elementor-widget-wrap elementor-element-populated\">\n\t\t\t\t\t\t<div class=\"elementor-element elementor-element-2970a07a elementor-widget elementor-widget-heading\" data-id=\"2970a07a\" data-element_type=\"widget\" data-e-type=\"widget\" data-widget_type=\"heading.default\">\n\t\t\t\t<div class=\"elementor-widget-container\">\n\t\t\t\t\t<p class=\"elementor-heading-title elementor-size-default\">Kun haluat saada kaiken irti digitaalisesta markkinoinnista, sinun on teht\u00e4v\u00e4 se suunnitellusti ja pitk\u00e4ll\u00e4 aikav\u00e4lill\u00e4 kaikilla valitsemillasi kanavilla. Siksi tarjoamme digitaalisen markkinointistrategian suunnittelua, joka luo ohjeet kaikkien t\u00e4rkeimpien digitaalisen markkinoinnin ty\u00f6kalujen k\u00e4ytt\u00f6\u00f6n asiakasyrityksen oman vuositavoitteen mukaisesti. Digitaalisen markkinointisuunnitelman lis\u00e4ksi teemme my\u00f6s kapeampia markkinointisuunnitelmia, jotka keskittyv\u00e4t sosiaalisen median kanaviin.\n<\/p>\t\t\t\t<\/div>\n\t\t\t\t<\/div>\n\t\t\t\t<div class=\"elementor-element elementor-element-86866ce elementor-widget elementor-widget-heading\" data-id=\"86866ce\" data-element_type=\"widget\" data-e-type=\"widget\" data-widget_type=\"heading.default\">\n\t\t\t\t<div class=\"elementor-widget-container\">\n\t\t\t\t\t<p class=\"elementor-heading-title elementor-size-default\">Me E-nitiatessa perustamme suunnitteluty\u00f6n ajatukseen, ett\u00e4 hyv\u00e4n markkinoinnin on oltava palvelukeskeist\u00e4 ja tuottavaa, ja sille on asetettava selke\u00e4t tavoitteet.Hyv\u00e4 markkinointi on luoda halu asiakkaalle ja t\u00e4ytt\u00e4\u00e4 sen tarpeet.\n<\/p>\t\t\t\t<\/div>\n\t\t\t\t<\/div>\n\t\t\t\t\t<\/div>\n\t\t<\/div>\n\t\t\t\t\t<\/div>\n\t\t<\/section>\n\t\t\t\t\t<\/div>\n\t\t<\/div>\n\t\t\t\t\t<\/div>\n\t\t<\/section>\n\t\t\t\t<section class=\"has_eae_slider elementor-section elementor-top-section elementor-element elementor-element-306871b elementor-section-boxed elementor-section-height-default elementor-section-height-default\" data-eae-slider=\"48008\" data-id=\"306871b\" data-element_type=\"section\" data-e-type=\"section\" data-settings=\"{&quot;background_background&quot;:&quot;classic&quot;}\">\n\t\t\t\t\t\t<div class=\"elementor-container elementor-column-gap-default\">\n\t\t\t\t\t<div class=\"has_eae_slider elementor-column elementor-col-100 elementor-top-column elementor-element elementor-element-1ddc343\" data-eae-slider=\"57354\" data-id=\"1ddc343\" data-element_type=\"column\" data-e-type=\"column\">\n\t\t\t<div class=\"elementor-widget-wrap elementor-element-populated\">\n\t\t\t\t\t\t<section class=\"has_eae_slider elementor-section elementor-inner-section elementor-element elementor-element-5a084b0 elementor-section-boxed elementor-section-height-default elementor-section-height-default\" data-eae-slider=\"840\" data-id=\"5a084b0\" data-element_type=\"section\" data-e-type=\"section\">\n\t\t\t\t\t\t<div class=\"elementor-container elementor-column-gap-default\">\n\t\t\t\t\t<div class=\"has_eae_slider elementor-column elementor-col-50 elementor-inner-column elementor-element elementor-element-db25559\" data-eae-slider=\"65076\" data-id=\"db25559\" data-element_type=\"column\" data-e-type=\"column\">\n\t\t\t<div class=\"elementor-widget-wrap elementor-element-populated\">\n\t\t\t\t\t\t<div class=\"elementor-element elementor-element-fd6d9ec elementor-widget elementor-widget-heading\" data-id=\"fd6d9ec\" data-element_type=\"widget\" data-e-type=\"widget\" data-widget_type=\"heading.default\">\n\t\t\t\t<div class=\"elementor-widget-container\">\n\t\t\t\t\t<p class=\"elementor-heading-title elementor-size-default\">Jokainen meist\u00e4 tiet\u00e4\u00e4, kuinka turhauttavaa on huono markkinointistrategia. Kun markkinointiviesti kohdistetaan kaikille, se ei todellakaan puhu kenellek\u00e4\u00e4n. N\u00e4in on usein silloin, kun markkinoinnin suunnittelu unohtaa asiakkaan ja alkaa sen sijaan kysymyksell\u00e4: Mit\u00e4 pit\u00e4isi myyd\u00e4?\n<\/p>\t\t\t\t<\/div>\n\t\t\t\t<\/div>\n\t\t\t\t<div class=\"elementor-element elementor-element-bb889eb elementor-widget elementor-widget-heading\" data-id=\"bb889eb\" data-element_type=\"widget\" data-e-type=\"widget\" data-widget_type=\"heading.default\">\n\t\t\t\t<div class=\"elementor-widget-container\">\n\t\t\t\t\t<p class=\"elementor-heading-title elementor-size-default\">E-nitiaatissa mielest\u00e4mme hyv\u00e4 markkinointi alkaa aina asiakkaan tarpeet, tavoitteet ja kiinnostuksen kohteet. Siksi sijoitamme kysymyksen eri tavalla: Mit\u00e4 asiakkaat haluavat? Miksi asiakkaat tarvitsevat apua? Ero voi tuntua pienelt\u00e4, mutta todellisuudessa se on vallankumouksellinen.<\/p>\t\t\t\t<\/div>\n\t\t\t\t<\/div>\n\t\t\t\t<div class=\"elementor-element elementor-element-579a9e4 elementor-widget elementor-widget-heading\" data-id=\"579a9e4\" data-element_type=\"widget\" data-e-type=\"widget\" data-widget_type=\"heading.default\">\n\t\t\t\t<div class=\"elementor-widget-container\">\n\t\t\t\t\t<p class=\"elementor-heading-title elementor-size-default\">Kun asiakkaan tilanne ja tarve otetaan markkinoinnin l\u00e4ht\u00f6kohdaksi, luodaan korkealaatuinen, hyvin suunniteltu ja tehokas markkinointi. T\u00e4llainen markkinointi ei ole h\u00e4iritsev\u00e4\u00e4, vaan auttaa asiakasta tekem\u00e4\u00e4n oikean ostoksen h\u00e4nelle.<\/p>\t\t\t\t<\/div>\n\t\t\t\t<\/div>\n\t\t\t\t\t<\/div>\n\t\t<\/div>\n\t\t\t\t<div class=\"has_eae_slider elementor-column elementor-col-50 elementor-inner-column elementor-element elementor-element-c38f3ae\" data-eae-slider=\"62966\" data-id=\"c38f3ae\" data-element_type=\"column\" data-e-type=\"column\">\n\t\t\t<div class=\"elementor-widget-wrap elementor-element-populated\">\n\t\t\t\t\t\t<div class=\"elementor-element elementor-element-bf8d132 elementor-widget elementor-widget-heading\" data-id=\"bf8d132\" data-element_type=\"widget\" data-e-type=\"widget\" data-widget_type=\"heading.default\">\n\t\t\t\t<div class=\"elementor-widget-container\">\n\t\t\t\t\t<p class=\"elementor-heading-title elementor-size-default\">Digitaalisen markkinoinnin suurin vahvuus perinteisiin markkinointikeinoihin verrattuna on sen mitattavuus. Toisin kuin esimerkiksi radio- ja paperimainonta, l\u00e4hes kaiken digitaalisen markkinoinnin tehokkuutta voidaan mitata analytiikan avulla. Analytics tarjoaa avaimet markkinoinnin kehitt\u00e4miseen: se auttaa meit\u00e4 selvitt\u00e4m\u00e4\u00e4n, mik\u00e4 toimii ja mik\u00e4 ei.\nKer\u00e4\u00e4miemme tietojen avulla jatkamme markkinoinnin kehitt\u00e4mist\u00e4 - ja voit odottaa viel\u00e4 parempia tuloksia tulevaisuudessa.<\/p>\t\t\t\t<\/div>\n\t\t\t\t<\/div>\n\t\t\t\t<div class=\"elementor-element elementor-element-8978ce2 elementor-widget elementor-widget-heading\" data-id=\"8978ce2\" data-element_type=\"widget\" data-e-type=\"widget\" data-widget_type=\"heading.default\">\n\t\t\t\t<div class=\"elementor-widget-container\">\n\t\t\t\t\t<p class=\"elementor-heading-title elementor-size-default\"><b>Markkinointi alkaa tavoitteista\n<\/b><br \/>Digitaalinen markkinointi ei ole kuluer\u00e4, vaan sijoitus, joka johtaa kauppaan ja kasvuun. Markkinointiin sijoitettujen eurojen tehokkaan k\u00e4yt\u00f6n varmistamiseksi tavoitteet on jaettava pienempiin alayksik\u00f6ihin. Haluatko saavuttaa suoramyynnin, syvent\u00e4\u00e4 asiakkaasi tiet\u00e4myst\u00e4 tuotteistasi, palveluistasi tai lis\u00e4t\u00e4 tuotemerkkisi tietoisuutta? Voi olla\nhaluatko houkutella uusia ty\u00f6ntekij\u00f6it\u00e4 tai vahvistaa asemaansa alan johtavana asiantuntijana?\nJos tavoite on ep\u00e4selv\u00e4, markkinoinnista tulee pelkk\u00e4\u00e4 ammuntahakua. Markkinoinnin mittaaminen on my\u00f6s mahdotonta, jos tavoitteita ei oteta huomioon. Tulokset voidaan saavuttaa vain, jos ne m\u00e4\u00e4ritell\u00e4\u00e4n riitt\u00e4v\u00e4n tarkasti. E-nitiate auttaa sinua asettamaan tavoitteita ja saavuttamaan niit\u00e4!\n<\/p>\t\t\t\t<\/div>\n\t\t\t\t<\/div>\n\t\t\t\t\t<\/div>\n\t\t<\/div>\n\t\t\t\t\t<\/div>\n\t\t<\/section>\n\t\t\t\t<div class=\"elementor-element elementor-element-65c423b elementor-align-center elementor-widget elementor-widget-button\" data-id=\"65c423b\" data-element_type=\"widget\" data-e-type=\"widget\" data-widget_type=\"button.default\">\n\t\t\t\t<div class=\"elementor-widget-container\">\n\t\t\t\t\t\t\t\t\t<div class=\"elementor-button-wrapper\">\n\t\t\t\t\t<a class=\"elementor-button elementor-button-link elementor-size-sm\" href=\"\/fi\/contact\/\">\n\t\t\t\t\t\t<span class=\"elementor-button-content-wrapper\">\n\t\t\t\t\t\t\t\t\t<span class=\"elementor-button-text\">Ota yhteytt\u00e4<\/span>\n\t\t\t\t\t<\/span>\n\t\t\t\t\t<\/a>\n\t\t\t\t<\/div>\n\t\t\t\t\t\t\t\t<\/div>\n\t\t\t\t<\/div>\n\t\t\t\t\t<\/div>\n\t\t<\/div>\n\t\t\t\t\t<\/div>\n\t\t<\/section>\n\t\t\t\t<\/div>","protected":false},"excerpt":{"rendered":"<p>Marketing Planning Digital marketing planning Social Media With well-planned marketing, you achieve your goals With well-planned marketing, you will achieve your goals. When you want to get the most out of digital marketing, you have to do it in a planned and long-term way in all the channels you choose. That&#8217;s why we offer digital [&hellip;]<\/p>\n","protected":false},"author":3,"featured_media":0,"parent":0,"menu_order":0,"comment_status":"closed","ping_status":"closed","template":"","meta":{"site-sidebar-layout":"no-sidebar","site-content-layout":"page-builder","ast-site-content-layout":"default","site-content-style":"default","site-sidebar-style":"default","ast-global-header-display":"","ast-banner-title-visibility":"","ast-main-header-display":"","ast-hfb-above-header-display":"","ast-hfb-below-header-display":"","ast-hfb-mobile-header-display":"","site-post-title":"disabled","ast-breadcrumbs-content":"disabled","ast-featured-img":"disabled","footer-sml-layout":"","ast-disable-related-posts":"","theme-transparent-header-meta":"default","adv-header-id-meta":"","stick-header-meta":"","header-above-stick-meta":"","header-main-stick-meta":"","header-below-stick-meta":"","astra-migrate-meta-layouts":"default","ast-page-background-enabled":"default","ast-page-background-meta":{"desktop":{"background-color":"","background-image":"","background-repeat":"repeat","background-position":"center center","background-size":"auto","background-attachment":"scroll","background-type":"","background-media":"","overlay-type":"","overlay-color":"","overlay-opacity":"","overlay-gradient":""},"tablet":{"background-color":"","background-image":"","background-repeat":"repeat","background-position":"center center","background-size":"auto","background-attachment":"scroll","background-type":"","background-media":"","overlay-type":"","overlay-color":"","overlay-opacity":"","overlay-gradient":""},"mobile":{"background-color":"","background-image":"","background-repeat":"repeat","background-position":"center center","background-size":"auto","background-attachment":"scroll","background-type":"","background-media":"","overlay-type":"","overlay-color":"","overlay-opacity":"","overlay-gradient":""}},"ast-content-background-meta":{"desktop":{"background-color":"var(--ast-global-color-5)","background-image":"","background-repeat":"repeat","background-position":"center center","background-size":"auto","background-attachment":"scroll","background-type":"","background-media":"","overlay-type":"","overlay-color":"","overlay-opacity":"","overlay-gradient":""},"tablet":{"background-color":"var(--ast-global-color-5)","background-image":"","background-repeat":"repeat","background-position":"center center","background-size":"auto","background-attachment":"scroll","background-type":"","background-media":"","overlay-type":"","overlay-color":"","overlay-opacity":"","overlay-gradient":""},"mobile":{"background-color":"var(--ast-global-color-5)","background-image":"","background-repeat":"repeat","background-position":"center center","background-size":"auto","background-attachment":"scroll","background-type":"","background-media":"","overlay-type":"","overlay-color":"","overlay-opacity":"","overlay-gradient":""}},"footnotes":""},"class_list":["post-857","page","type-page","status-publish","hentry"],"yoast_head":"<!-- This site is optimized with the Yoast SEO plugin v27.1.1 - https:\/\/yoast.com\/product\/yoast-seo-wordpress\/ -->\n<title>Marketing Planning - E-Nitiate<\/title>\n<meta name=\"robots\" content=\"index, follow, max-snippet:-1, max-image-preview:large, max-video-preview:-1\" \/>\n<link rel=\"canonical\" href=\"https:\/\/e-nitiatemedia.com\/fi\/marketing-planning\/\" \/>\n<meta property=\"og:locale\" content=\"fi_FI\" \/>\n<meta property=\"og:type\" content=\"article\" \/>\n<meta property=\"og:title\" content=\"Marketing Planning - E-Nitiate\" \/>\n<meta property=\"og:description\" content=\"Marketing Planning Digital marketing planning Social Media With well-planned marketing, you achieve your goals With well-planned marketing, you will achieve your goals. When you want to get the most out of digital marketing, you have to do it in a planned and long-term way in all the channels you choose. That&#8217;s why we offer digital [&hellip;]\" \/>\n<meta property=\"og:url\" content=\"https:\/\/e-nitiatemedia.com\/fi\/marketing-planning\/\" \/>\n<meta property=\"og:site_name\" content=\"E-Nitiate\" \/>\n<meta property=\"article:modified_time\" content=\"2024-01-22T20:39:44+00:00\" \/>\n<meta name=\"twitter:card\" content=\"summary_large_image\" \/>\n<meta name=\"twitter:label1\" content=\"Arvioitu lukuaika\" \/>\n\t<meta name=\"twitter:data1\" content=\"2 minuuttia\" \/>\n<script type=\"application\/ld+json\" class=\"yoast-schema-graph\">{\"@context\":\"https:\/\/schema.org\",\"@graph\":[{\"@type\":\"WebPage\",\"@id\":\"https:\/\/e-nitiatemedia.com\/marketing-planning\/\",\"url\":\"https:\/\/e-nitiatemedia.com\/marketing-planning\/\",\"name\":\"Marketing Planning - E-Nitiate\",\"isPartOf\":{\"@id\":\"https:\/\/e-nitiatemedia.com\/fi\/#website\"},\"datePublished\":\"2020-11-03T07:00:26+00:00\",\"dateModified\":\"2024-01-22T20:39:44+00:00\",\"breadcrumb\":{\"@id\":\"https:\/\/e-nitiatemedia.com\/marketing-planning\/#breadcrumb\"},\"inLanguage\":\"fi\",\"potentialAction\":[{\"@type\":\"ReadAction\",\"target\":[\"https:\/\/e-nitiatemedia.com\/marketing-planning\/\"]}]},{\"@type\":\"BreadcrumbList\",\"@id\":\"https:\/\/e-nitiatemedia.com\/marketing-planning\/#breadcrumb\",\"itemListElement\":[{\"@type\":\"ListItem\",\"position\":1,\"name\":\"Home\",\"item\":\"https:\/\/e-nitiatemedia.com\/fi\/\"},{\"@type\":\"ListItem\",\"position\":2,\"name\":\"Marketing Planning\"}]},{\"@type\":\"WebSite\",\"@id\":\"https:\/\/e-nitiatemedia.com\/fi\/#website\",\"url\":\"https:\/\/e-nitiatemedia.com\/fi\/\",\"name\":\"E-Nitiate\",\"description\":\"Unlock the full potential of your online presence with our results-driven digital marketing agency.\",\"publisher\":{\"@id\":\"https:\/\/e-nitiatemedia.com\/fi\/#organization\"},\"potentialAction\":[{\"@type\":\"SearchAction\",\"target\":{\"@type\":\"EntryPoint\",\"urlTemplate\":\"https:\/\/e-nitiatemedia.com\/fi\/?s={search_term_string}\"},\"query-input\":{\"@type\":\"PropertyValueSpecification\",\"valueRequired\":true,\"valueName\":\"search_term_string\"}}],\"inLanguage\":\"fi\"},{\"@type\":\"Organization\",\"@id\":\"https:\/\/e-nitiatemedia.com\/fi\/#organization\",\"name\":\"E-Nitiate\",\"url\":\"https:\/\/e-nitiatemedia.com\/fi\/\",\"logo\":{\"@type\":\"ImageObject\",\"inLanguage\":\"fi\",\"@id\":\"https:\/\/e-nitiatemedia.com\/fi\/#\/schema\/logo\/image\/\",\"url\":\"https:\/\/e-nitiatemedia.com\/wp-content\/uploads\/2020\/11\/cropped-logo-1.png\",\"contentUrl\":\"https:\/\/e-nitiatemedia.com\/wp-content\/uploads\/2020\/11\/cropped-logo-1.png\",\"width\":1333,\"height\":838,\"caption\":\"E-Nitiate\"},\"image\":{\"@id\":\"https:\/\/e-nitiatemedia.com\/fi\/#\/schema\/logo\/image\/\"}}]}<\/script>\n<!-- \/ Yoast SEO plugin. -->","yoast_head_json":{"title":"Marketing Planning - E-Nitiate","robots":{"index":"index","follow":"follow","max-snippet":"max-snippet:-1","max-image-preview":"max-image-preview:large","max-video-preview":"max-video-preview:-1"},"canonical":"https:\/\/e-nitiatemedia.com\/fi\/marketing-planning\/","og_locale":"fi_FI","og_type":"article","og_title":"Marketing Planning - E-Nitiate","og_description":"Marketing Planning Digital marketing planning Social Media With well-planned marketing, you achieve your goals With well-planned marketing, you will achieve your goals. When you want to get the most out of digital marketing, you have to do it in a planned and long-term way in all the channels you choose. That&#8217;s why we offer digital [&hellip;]","og_url":"https:\/\/e-nitiatemedia.com\/fi\/marketing-planning\/","og_site_name":"E-Nitiate","article_modified_time":"2024-01-22T20:39:44+00:00","twitter_card":"summary_large_image","twitter_misc":{"Arvioitu lukuaika":"2 minuuttia"},"schema":{"@context":"https:\/\/schema.org","@graph":[{"@type":"WebPage","@id":"https:\/\/e-nitiatemedia.com\/marketing-planning\/","url":"https:\/\/e-nitiatemedia.com\/marketing-planning\/","name":"Marketing Planning - E-Nitiate","isPartOf":{"@id":"https:\/\/e-nitiatemedia.com\/fi\/#website"},"datePublished":"2020-11-03T07:00:26+00:00","dateModified":"2024-01-22T20:39:44+00:00","breadcrumb":{"@id":"https:\/\/e-nitiatemedia.com\/marketing-planning\/#breadcrumb"},"inLanguage":"fi","potentialAction":[{"@type":"ReadAction","target":["https:\/\/e-nitiatemedia.com\/marketing-planning\/"]}]},{"@type":"BreadcrumbList","@id":"https:\/\/e-nitiatemedia.com\/marketing-planning\/#breadcrumb","itemListElement":[{"@type":"ListItem","position":1,"name":"Home","item":"https:\/\/e-nitiatemedia.com\/fi\/"},{"@type":"ListItem","position":2,"name":"Marketing Planning"}]},{"@type":"WebSite","@id":"https:\/\/e-nitiatemedia.com\/fi\/#website","url":"https:\/\/e-nitiatemedia.com\/fi\/","name":"E-Nitiate","description":"Unlock the full potential of your online presence with our results-driven digital marketing agency.","publisher":{"@id":"https:\/\/e-nitiatemedia.com\/fi\/#organization"},"potentialAction":[{"@type":"SearchAction","target":{"@type":"EntryPoint","urlTemplate":"https:\/\/e-nitiatemedia.com\/fi\/?s={search_term_string}"},"query-input":{"@type":"PropertyValueSpecification","valueRequired":true,"valueName":"search_term_string"}}],"inLanguage":"fi"},{"@type":"Organization","@id":"https:\/\/e-nitiatemedia.com\/fi\/#organization","name":"E-Nitiate","url":"https:\/\/e-nitiatemedia.com\/fi\/","logo":{"@type":"ImageObject","inLanguage":"fi","@id":"https:\/\/e-nitiatemedia.com\/fi\/#\/schema\/logo\/image\/","url":"https:\/\/e-nitiatemedia.com\/wp-content\/uploads\/2020\/11\/cropped-logo-1.png","contentUrl":"https:\/\/e-nitiatemedia.com\/wp-content\/uploads\/2020\/11\/cropped-logo-1.png","width":1333,"height":838,"caption":"E-Nitiate"},"image":{"@id":"https:\/\/e-nitiatemedia.com\/fi\/#\/schema\/logo\/image\/"}}]}},"_links":{"self":[{"href":"https:\/\/e-nitiatemedia.com\/fi\/wp-json\/wp\/v2\/pages\/857","targetHints":{"allow":["GET"]}}],"collection":[{"href":"https:\/\/e-nitiatemedia.com\/fi\/wp-json\/wp\/v2\/pages"}],"about":[{"href":"https:\/\/e-nitiatemedia.com\/fi\/wp-json\/wp\/v2\/types\/page"}],"author":[{"embeddable":true,"href":"https:\/\/e-nitiatemedia.com\/fi\/wp-json\/wp\/v2\/users\/3"}],"replies":[{"embeddable":true,"href":"https:\/\/e-nitiatemedia.com\/fi\/wp-json\/wp\/v2\/comments?post=857"}],"version-history":[{"count":50,"href":"https:\/\/e-nitiatemedia.com\/fi\/wp-json\/wp\/v2\/pages\/857\/revisions"}],"predecessor-version":[{"id":2714,"href":"https:\/\/e-nitiatemedia.com\/fi\/wp-json\/wp\/v2\/pages\/857\/revisions\/2714"}],"wp:attachment":[{"href":"https:\/\/e-nitiatemedia.com\/fi\/wp-json\/wp\/v2\/media?parent=857"}],"curies":[{"name":"wp","href":"https:\/\/api.w.org\/{rel}","templated":true}]}}