{"id":851,"date":"2020-11-03T06:59:45","date_gmt":"2020-11-03T06:59:45","guid":{"rendered":"http:\/\/e-nitiate.com\/?page_id=851"},"modified":"2024-01-22T20:32:06","modified_gmt":"2024-01-22T20:32:06","slug":"visuality","status":"publish","type":"page","link":"https:\/\/e-nitiatemedia.com\/fi\/visuality\/","title":{"rendered":"N\u00c4KYVYYS"},"content":{"rendered":"<div data-elementor-type=\"wp-page\" data-elementor-id=\"851\" class=\"elementor elementor-851\">\n\t\t\t\t\t\t<section class=\"has_eae_slider elementor-section elementor-top-section elementor-element elementor-element-326c25fd elementor-section-boxed elementor-section-height-default elementor-section-height-default\" data-eae-slider=\"19605\" data-id=\"326c25fd\" data-element_type=\"section\" data-e-type=\"section\" data-settings=\"{&quot;background_background&quot;:&quot;classic&quot;}\">\n\t\t\t\t\t\t\t<div class=\"elementor-background-overlay\"><\/div>\n\t\t\t\t\t\t\t<div class=\"elementor-container elementor-column-gap-default\">\n\t\t\t\t\t<div class=\"has_eae_slider elementor-column elementor-col-100 elementor-top-column elementor-element elementor-element-297c0672\" data-eae-slider=\"75637\" data-id=\"297c0672\" data-element_type=\"column\" data-e-type=\"column\">\n\t\t\t<div class=\"elementor-widget-wrap elementor-element-populated\">\n\t\t\t\t\t\t<section class=\"has_eae_slider elementor-section elementor-inner-section elementor-element elementor-element-1e7751b5 custinrSecTitle elementor-section-boxed elementor-section-height-default elementor-section-height-default\" data-eae-slider=\"53408\" data-id=\"1e7751b5\" data-element_type=\"section\" data-e-type=\"section\">\n\t\t\t\t\t\t<div class=\"elementor-container elementor-column-gap-default\">\n\t\t\t\t\t<div class=\"has_eae_slider elementor-column elementor-col-100 elementor-inner-column elementor-element elementor-element-355b8e33\" data-eae-slider=\"61542\" data-id=\"355b8e33\" data-element_type=\"column\" data-e-type=\"column\">\n\t\t\t<div class=\"elementor-widget-wrap elementor-element-populated\">\n\t\t\t\t\t\t<div class=\"elementor-element elementor-element-2b8f07b5 custinrSecTitleline elementor-widget-divider--view-line elementor-widget elementor-widget-divider\" data-id=\"2b8f07b5\" data-element_type=\"widget\" data-e-type=\"widget\" data-widget_type=\"divider.default\">\n\t\t\t\t<div class=\"elementor-widget-container\">\n\t\t\t\t\t\t\t<div class=\"elementor-divider\">\n\t\t\t<span class=\"elementor-divider-separator\">\n\t\t\t\t\t\t<\/span>\n\t\t<\/div>\n\t\t\t\t\t\t<\/div>\n\t\t\t\t<\/div>\n\t\t\t\t<div class=\"elementor-element elementor-element-8fbf1f4 custbnrlist elementor-icon-list--layout-traditional elementor-list-item-link-full_width elementor-widget elementor-widget-icon-list\" data-id=\"8fbf1f4\" data-element_type=\"widget\" data-e-type=\"widget\" data-widget_type=\"icon-list.default\">\n\t\t\t\t<div class=\"elementor-widget-container\">\n\t\t\t\t\t\t\t<ul class=\"elementor-icon-list-items\">\n\t\t\t\t\t\t\t<li class=\"elementor-icon-list-item\">\n\t\t\t\t\t\t\t\t\t\t<span class=\"elementor-icon-list-text\">Graafinen suunnittelu<\/span>\n\t\t\t\t\t\t\t\t\t<\/li>\n\t\t\t\t\t\t\t\t<li class=\"elementor-icon-list-item\">\n\t\t\t\t\t\t\t\t\t\t<span class=\"elementor-icon-list-text\">Graafinen ilme <\/span>\n\t\t\t\t\t\t\t\t\t<\/li>\n\t\t\t\t\t\t<\/ul>\n\t\t\t\t\t\t<\/div>\n\t\t\t\t<\/div>\n\t\t\t\t\t<\/div>\n\t\t<\/div>\n\t\t\t\t\t<\/div>\n\t\t<\/section>\n\t\t\t\t\t<\/div>\n\t\t<\/div>\n\t\t\t\t\t<\/div>\n\t\t<\/section>\n\t\t\t\t<section class=\"has_eae_slider elementor-section elementor-top-section elementor-element elementor-element-6647a763 elementor-section-boxed elementor-section-height-default elementor-section-height-default\" data-eae-slider=\"87133\" data-id=\"6647a763\" data-element_type=\"section\" data-e-type=\"section\">\n\t\t\t\t\t\t<div class=\"elementor-container elementor-column-gap-default\">\n\t\t\t\t\t<div class=\"has_eae_slider elementor-column elementor-col-100 elementor-top-column elementor-element elementor-element-149c1ab4\" data-eae-slider=\"33409\" data-id=\"149c1ab4\" data-element_type=\"column\" data-e-type=\"column\">\n\t\t\t<div class=\"elementor-widget-wrap elementor-element-populated\">\n\t\t\t\t\t\t<section class=\"has_eae_slider elementor-section elementor-inner-section elementor-element elementor-element-1b16fb67 elementor-section-boxed elementor-section-height-default elementor-section-height-default\" data-eae-slider=\"2955\" data-id=\"1b16fb67\" data-element_type=\"section\" data-e-type=\"section\">\n\t\t\t\t\t\t<div class=\"elementor-container elementor-column-gap-default\">\n\t\t\t\t\t<div class=\"has_eae_slider elementor-column elementor-col-100 elementor-inner-column elementor-element elementor-element-7f67c223\" data-eae-slider=\"10200\" data-id=\"7f67c223\" data-element_type=\"column\" data-e-type=\"column\">\n\t\t\t<div class=\"elementor-widget-wrap elementor-element-populated\">\n\t\t\t\t\t\t<div class=\"elementor-element elementor-element-57a3ff7e elementor-widget elementor-widget-heading\" data-id=\"57a3ff7e\" data-element_type=\"widget\" data-e-type=\"widget\" data-widget_type=\"heading.default\">\n\t\t\t\t<div class=\"elementor-widget-container\">\n\t\t\t\t\t<h2 class=\"elementor-heading-title elementor-size-default\">Graafinen suunnittelu saumattomana osana digitaalista markkinointia. Graafinen suunnittelu kulkee ka\u0308si ka\u0308dessa\u0308 useimpien digitaalisten markkinointipalveluiden kanssa niiden visuaalinen luonne. \n<\/h2>\t\t\t\t<\/div>\n\t\t\t\t<\/div>\n\t\t\t\t<div class=\"elementor-element elementor-element-350ccd0e elementor-widget-divider--view-line elementor-widget elementor-widget-divider\" data-id=\"350ccd0e\" data-element_type=\"widget\" data-e-type=\"widget\" data-widget_type=\"divider.default\">\n\t\t\t\t<div class=\"elementor-widget-container\">\n\t\t\t\t\t\t\t<div class=\"elementor-divider\">\n\t\t\t<span class=\"elementor-divider-separator\">\n\t\t\t\t\t\t<\/span>\n\t\t<\/div>\n\t\t\t\t\t\t<\/div>\n\t\t\t\t<\/div>\n\t\t\t\t\t<\/div>\n\t\t<\/div>\n\t\t\t\t\t<\/div>\n\t\t<\/section>\n\t\t\t\t<section class=\"has_eae_slider elementor-section elementor-inner-section elementor-element elementor-element-cbc3f02 elementor-section-boxed elementor-section-height-default elementor-section-height-default\" data-eae-slider=\"47570\" data-id=\"cbc3f02\" data-element_type=\"section\" data-e-type=\"section\">\n\t\t\t\t\t\t<div class=\"elementor-container elementor-column-gap-default\">\n\t\t\t\t\t<div class=\"has_eae_slider elementor-column elementor-col-100 elementor-inner-column elementor-element elementor-element-466efafc\" data-eae-slider=\"97699\" data-id=\"466efafc\" data-element_type=\"column\" data-e-type=\"column\">\n\t\t\t<div class=\"elementor-widget-wrap elementor-element-populated\">\n\t\t\t\t\t\t<div class=\"elementor-element elementor-element-50329372 elementor-widget elementor-widget-heading\" data-id=\"50329372\" data-element_type=\"widget\" data-e-type=\"widget\" data-widget_type=\"heading.default\">\n\t\t\t\t<div class=\"elementor-widget-container\">\n\t\t\t\t\t<p class=\"elementor-heading-title elementor-size-default\">Graafisen ty\u00f6n monipuoliset taidot antavat meille erinomaiset olosuhteet tarjota asiakkaillemme laadukasta palvelua, jonka ydin on saumaton yhteisty\u00f6 eri osien ja asiantuntijoidemme kanssa. Tieto eri mainoskanavien asettamat ja tehokkaimmat rajoitteet toteutusmenetelm\u00e4t tekev\u00e4t ty\u00f6st\u00e4 sujuvaa ja lopputuloksen n\u00e4kyv\u00e4n kanavasta riippumatta.\n<\/p>\t\t\t\t<\/div>\n\t\t\t\t<\/div>\n\t\t\t\t<div class=\"elementor-element elementor-element-3a43a24 elementor-widget elementor-widget-heading\" data-id=\"3a43a24\" data-element_type=\"widget\" data-e-type=\"widget\" data-widget_type=\"heading.default\">\n\t\t\t\t<div class=\"elementor-widget-container\">\n\t\t\t\t\t<p class=\"elementor-heading-title elementor-size-default\"><b>Kiinnit\u00e4 asiakkaasi huomiota<\/b><br>Laadukas graafinen j\u00e4lki on ennen kaikkea upea, mutta luo my\u00f6s uskottavuuta businekselle.\nVanhentuneet verkkosivustot tai painomateriaalit voivat helposti v\u00e4litt\u00e4\u00e4 huonoa vaikutelman yrityksest\u00e4. Katseenvangitsevan ilmeen ja mainonnan avulla saat asiakkaiden ja potentiaalisten asiakkaiden huomio. Yhdist\u00e4m\u00e4ll\u00e4 vahva graafinen asiantuntemus kattavalla digitaalisen markkinoinnin paletilla saat enemm\u00e4n molemmilta alueilta.\n<\/p>\t\t\t\t<\/div>\n\t\t\t\t<\/div>\n\t\t\t\t\t<\/div>\n\t\t<\/div>\n\t\t\t\t\t<\/div>\n\t\t<\/section>\n\t\t\t\t<div class=\"elementor-element elementor-element-7137918e elementor-align-center elementor-widget elementor-widget-button\" data-id=\"7137918e\" data-element_type=\"widget\" data-e-type=\"widget\" data-widget_type=\"button.default\">\n\t\t\t\t<div class=\"elementor-widget-container\">\n\t\t\t\t\t\t\t\t\t<div class=\"elementor-button-wrapper\">\n\t\t\t\t\t<a class=\"elementor-button elementor-button-link elementor-size-sm\" href=\"\/fi\/contact\/\">\n\t\t\t\t\t\t<span class=\"elementor-button-content-wrapper\">\n\t\t\t\t\t\t\t\t\t<span class=\"elementor-button-text\">Ota yhteytt\u00e4<\/span>\n\t\t\t\t\t<\/span>\n\t\t\t\t\t<\/a>\n\t\t\t\t<\/div>\n\t\t\t\t\t\t\t\t<\/div>\n\t\t\t\t<\/div>\n\t\t\t\t\t<\/div>\n\t\t<\/div>\n\t\t\t\t\t<\/div>\n\t\t<\/section>\n\t\t\t\t<\/div>","protected":false},"excerpt":{"rendered":"<p>Visuality Graphic design Graphic look Graphic design as a seamless part of digital marketing. Graphic design goes hand in hand with most digital marketing services due to their visual nature. Diverse skills in graphic work give us excellent conditions to provide our customers with quality service, the core of which is the seamless cooperation of [&hellip;]<\/p>\n","protected":false},"author":3,"featured_media":0,"parent":0,"menu_order":0,"comment_status":"closed","ping_status":"closed","template":"","meta":{"site-sidebar-layout":"no-sidebar","site-content-layout":"page-builder","ast-site-content-layout":"default","site-content-style":"default","site-sidebar-style":"default","ast-global-header-display":"","ast-banner-title-visibility":"","ast-main-header-display":"","ast-hfb-above-header-display":"","ast-hfb-below-header-display":"","ast-hfb-mobile-header-display":"","site-post-title":"disabled","ast-breadcrumbs-content":"disabled","ast-featured-img":"disabled","footer-sml-layout":"","ast-disable-related-posts":"","theme-transparent-header-meta":"default","adv-header-id-meta":"","stick-header-meta":"","header-above-stick-meta":"","header-main-stick-meta":"","header-below-stick-meta":"","astra-migrate-meta-layouts":"default","ast-page-background-enabled":"default","ast-page-background-meta":{"desktop":{"background-color":"","background-image":"","background-repeat":"repeat","background-position":"center center","background-size":"auto","background-attachment":"scroll","background-type":"","background-media":"","overlay-type":"","overlay-color":"","overlay-opacity":"","overlay-gradient":""},"tablet":{"background-color":"","background-image":"","background-repeat":"repeat","background-position":"center center","background-size":"auto","background-attachment":"scroll","background-type":"","background-media":"","overlay-type":"","overlay-color":"","overlay-opacity":"","overlay-gradient":""},"mobile":{"background-color":"","background-image":"","background-repeat":"repeat","background-position":"center center","background-size":"auto","background-attachment":"scroll","background-type":"","background-media":"","overlay-type":"","overlay-color":"","overlay-opacity":"","overlay-gradient":""}},"ast-content-background-meta":{"desktop":{"background-color":"var(--ast-global-color-5)","background-image":"","background-repeat":"repeat","background-position":"center center","background-size":"auto","background-attachment":"scroll","background-type":"","background-media":"","overlay-type":"","overlay-color":"","overlay-opacity":"","overlay-gradient":""},"tablet":{"background-color":"var(--ast-global-color-5)","background-image":"","background-repeat":"repeat","background-position":"center center","background-size":"auto","background-attachment":"scroll","background-type":"","background-media":"","overlay-type":"","overlay-color":"","overlay-opacity":"","overlay-gradient":""},"mobile":{"background-color":"var(--ast-global-color-5)","background-image":"","background-repeat":"repeat","background-position":"center center","background-size":"auto","background-attachment":"scroll","background-type":"","background-media":"","overlay-type":"","overlay-color":"","overlay-opacity":"","overlay-gradient":""}},"footnotes":""},"class_list":["post-851","page","type-page","status-publish","hentry"],"yoast_head":"<!-- This site is optimized with the Yoast SEO plugin v27.1.1 - https:\/\/yoast.com\/product\/yoast-seo-wordpress\/ -->\n<title>Visuality - E-Nitiate<\/title>\n<meta name=\"robots\" content=\"index, follow, max-snippet:-1, max-image-preview:large, max-video-preview:-1\" \/>\n<link rel=\"canonical\" href=\"https:\/\/e-nitiatemedia.com\/fi\/visuality\/\" \/>\n<meta property=\"og:locale\" content=\"fi_FI\" \/>\n<meta property=\"og:type\" content=\"article\" \/>\n<meta property=\"og:title\" content=\"Visuality - E-Nitiate\" \/>\n<meta property=\"og:description\" content=\"Visuality Graphic design Graphic look Graphic design as a seamless part of digital marketing. Graphic design goes hand in hand with most digital marketing services due to their visual nature. Diverse skills in graphic work give us excellent conditions to provide our customers with quality service, the core of which is the seamless cooperation of [&hellip;]\" \/>\n<meta property=\"og:url\" content=\"https:\/\/e-nitiatemedia.com\/fi\/visuality\/\" \/>\n<meta property=\"og:site_name\" content=\"E-Nitiate\" \/>\n<meta property=\"article:modified_time\" content=\"2024-01-22T20:32:06+00:00\" \/>\n<meta name=\"twitter:card\" content=\"summary_large_image\" \/>\n<meta name=\"twitter:label1\" content=\"Arvioitu lukuaika\" \/>\n\t<meta name=\"twitter:data1\" content=\"1 minuutti\" \/>\n<script type=\"application\/ld+json\" class=\"yoast-schema-graph\">{\"@context\":\"https:\/\/schema.org\",\"@graph\":[{\"@type\":\"WebPage\",\"@id\":\"https:\/\/e-nitiatemedia.com\/visuality\/\",\"url\":\"https:\/\/e-nitiatemedia.com\/visuality\/\",\"name\":\"Visuality - E-Nitiate\",\"isPartOf\":{\"@id\":\"https:\/\/e-nitiatemedia.com\/fi\/#website\"},\"datePublished\":\"2020-11-03T06:59:45+00:00\",\"dateModified\":\"2024-01-22T20:32:06+00:00\",\"breadcrumb\":{\"@id\":\"https:\/\/e-nitiatemedia.com\/visuality\/#breadcrumb\"},\"inLanguage\":\"fi\",\"potentialAction\":[{\"@type\":\"ReadAction\",\"target\":[\"https:\/\/e-nitiatemedia.com\/visuality\/\"]}]},{\"@type\":\"BreadcrumbList\",\"@id\":\"https:\/\/e-nitiatemedia.com\/visuality\/#breadcrumb\",\"itemListElement\":[{\"@type\":\"ListItem\",\"position\":1,\"name\":\"Home\",\"item\":\"https:\/\/e-nitiatemedia.com\/fi\/\"},{\"@type\":\"ListItem\",\"position\":2,\"name\":\"Visuality\"}]},{\"@type\":\"WebSite\",\"@id\":\"https:\/\/e-nitiatemedia.com\/fi\/#website\",\"url\":\"https:\/\/e-nitiatemedia.com\/fi\/\",\"name\":\"E-Nitiate\",\"description\":\"Unlock the full potential of your online presence with our results-driven digital marketing agency.\",\"publisher\":{\"@id\":\"https:\/\/e-nitiatemedia.com\/fi\/#organization\"},\"potentialAction\":[{\"@type\":\"SearchAction\",\"target\":{\"@type\":\"EntryPoint\",\"urlTemplate\":\"https:\/\/e-nitiatemedia.com\/fi\/?s={search_term_string}\"},\"query-input\":{\"@type\":\"PropertyValueSpecification\",\"valueRequired\":true,\"valueName\":\"search_term_string\"}}],\"inLanguage\":\"fi\"},{\"@type\":\"Organization\",\"@id\":\"https:\/\/e-nitiatemedia.com\/fi\/#organization\",\"name\":\"E-Nitiate\",\"url\":\"https:\/\/e-nitiatemedia.com\/fi\/\",\"logo\":{\"@type\":\"ImageObject\",\"inLanguage\":\"fi\",\"@id\":\"https:\/\/e-nitiatemedia.com\/fi\/#\/schema\/logo\/image\/\",\"url\":\"https:\/\/e-nitiatemedia.com\/wp-content\/uploads\/2020\/11\/cropped-logo-1.png\",\"contentUrl\":\"https:\/\/e-nitiatemedia.com\/wp-content\/uploads\/2020\/11\/cropped-logo-1.png\",\"width\":1333,\"height\":838,\"caption\":\"E-Nitiate\"},\"image\":{\"@id\":\"https:\/\/e-nitiatemedia.com\/fi\/#\/schema\/logo\/image\/\"}}]}<\/script>\n<!-- \/ Yoast SEO plugin. -->","yoast_head_json":{"title":"Visuality - E-Nitiate","robots":{"index":"index","follow":"follow","max-snippet":"max-snippet:-1","max-image-preview":"max-image-preview:large","max-video-preview":"max-video-preview:-1"},"canonical":"https:\/\/e-nitiatemedia.com\/fi\/visuality\/","og_locale":"fi_FI","og_type":"article","og_title":"Visuality - E-Nitiate","og_description":"Visuality Graphic design Graphic look Graphic design as a seamless part of digital marketing. Graphic design goes hand in hand with most digital marketing services due to their visual nature. Diverse skills in graphic work give us excellent conditions to provide our customers with quality service, the core of which is the seamless cooperation of [&hellip;]","og_url":"https:\/\/e-nitiatemedia.com\/fi\/visuality\/","og_site_name":"E-Nitiate","article_modified_time":"2024-01-22T20:32:06+00:00","twitter_card":"summary_large_image","twitter_misc":{"Arvioitu lukuaika":"1 minuutti"},"schema":{"@context":"https:\/\/schema.org","@graph":[{"@type":"WebPage","@id":"https:\/\/e-nitiatemedia.com\/visuality\/","url":"https:\/\/e-nitiatemedia.com\/visuality\/","name":"Visuality - E-Nitiate","isPartOf":{"@id":"https:\/\/e-nitiatemedia.com\/fi\/#website"},"datePublished":"2020-11-03T06:59:45+00:00","dateModified":"2024-01-22T20:32:06+00:00","breadcrumb":{"@id":"https:\/\/e-nitiatemedia.com\/visuality\/#breadcrumb"},"inLanguage":"fi","potentialAction":[{"@type":"ReadAction","target":["https:\/\/e-nitiatemedia.com\/visuality\/"]}]},{"@type":"BreadcrumbList","@id":"https:\/\/e-nitiatemedia.com\/visuality\/#breadcrumb","itemListElement":[{"@type":"ListItem","position":1,"name":"Home","item":"https:\/\/e-nitiatemedia.com\/fi\/"},{"@type":"ListItem","position":2,"name":"Visuality"}]},{"@type":"WebSite","@id":"https:\/\/e-nitiatemedia.com\/fi\/#website","url":"https:\/\/e-nitiatemedia.com\/fi\/","name":"E-Nitiate","description":"Unlock the full potential of your online presence with our results-driven digital marketing agency.","publisher":{"@id":"https:\/\/e-nitiatemedia.com\/fi\/#organization"},"potentialAction":[{"@type":"SearchAction","target":{"@type":"EntryPoint","urlTemplate":"https:\/\/e-nitiatemedia.com\/fi\/?s={search_term_string}"},"query-input":{"@type":"PropertyValueSpecification","valueRequired":true,"valueName":"search_term_string"}}],"inLanguage":"fi"},{"@type":"Organization","@id":"https:\/\/e-nitiatemedia.com\/fi\/#organization","name":"E-Nitiate","url":"https:\/\/e-nitiatemedia.com\/fi\/","logo":{"@type":"ImageObject","inLanguage":"fi","@id":"https:\/\/e-nitiatemedia.com\/fi\/#\/schema\/logo\/image\/","url":"https:\/\/e-nitiatemedia.com\/wp-content\/uploads\/2020\/11\/cropped-logo-1.png","contentUrl":"https:\/\/e-nitiatemedia.com\/wp-content\/uploads\/2020\/11\/cropped-logo-1.png","width":1333,"height":838,"caption":"E-Nitiate"},"image":{"@id":"https:\/\/e-nitiatemedia.com\/fi\/#\/schema\/logo\/image\/"}}]}},"_links":{"self":[{"href":"https:\/\/e-nitiatemedia.com\/fi\/wp-json\/wp\/v2\/pages\/851","targetHints":{"allow":["GET"]}}],"collection":[{"href":"https:\/\/e-nitiatemedia.com\/fi\/wp-json\/wp\/v2\/pages"}],"about":[{"href":"https:\/\/e-nitiatemedia.com\/fi\/wp-json\/wp\/v2\/types\/page"}],"author":[{"embeddable":true,"href":"https:\/\/e-nitiatemedia.com\/fi\/wp-json\/wp\/v2\/users\/3"}],"replies":[{"embeddable":true,"href":"https:\/\/e-nitiatemedia.com\/fi\/wp-json\/wp\/v2\/comments?post=851"}],"version-history":[{"count":34,"href":"https:\/\/e-nitiatemedia.com\/fi\/wp-json\/wp\/v2\/pages\/851\/revisions"}],"predecessor-version":[{"id":2693,"href":"https:\/\/e-nitiatemedia.com\/fi\/wp-json\/wp\/v2\/pages\/851\/revisions\/2693"}],"wp:attachment":[{"href":"https:\/\/e-nitiatemedia.com\/fi\/wp-json\/wp\/v2\/media?parent=851"}],"curies":[{"name":"wp","href":"https:\/\/api.w.org\/{rel}","templated":true}]}}