{"id":850,"date":"2020-11-03T06:59:59","date_gmt":"2020-11-03T06:59:59","guid":{"rendered":"http:\/\/e-nitiate.com\/?page_id=850"},"modified":"2024-01-22T20:31:30","modified_gmt":"2024-01-22T20:31:30","slug":"optimizing","status":"publish","type":"page","link":"https:\/\/e-nitiatemedia.com\/fi\/optimizing\/","title":{"rendered":"OPTIMOINTI"},"content":{"rendered":"<div data-elementor-type=\"wp-page\" data-elementor-id=\"850\" class=\"elementor elementor-850\">\n\t\t\t\t\t\t<section class=\"has_eae_slider elementor-section elementor-top-section elementor-element elementor-element-fde13c9 elementor-section-boxed elementor-section-height-default elementor-section-height-default\" data-eae-slider=\"13524\" data-id=\"fde13c9\" data-element_type=\"section\" data-e-type=\"section\" data-settings=\"{&quot;background_background&quot;:&quot;classic&quot;}\">\n\t\t\t\t\t\t\t<div class=\"elementor-background-overlay\"><\/div>\n\t\t\t\t\t\t\t<div class=\"elementor-container elementor-column-gap-default\">\n\t\t\t\t\t<div class=\"has_eae_slider elementor-column elementor-col-100 elementor-top-column elementor-element elementor-element-7757a45b\" data-eae-slider=\"17638\" data-id=\"7757a45b\" data-element_type=\"column\" data-e-type=\"column\">\n\t\t\t<div class=\"elementor-widget-wrap elementor-element-populated\">\n\t\t\t\t\t\t<section class=\"has_eae_slider elementor-section elementor-inner-section elementor-element elementor-element-513a3fab custinrSecTitle elementor-section-boxed elementor-section-height-default elementor-section-height-default\" data-eae-slider=\"7151\" data-id=\"513a3fab\" data-element_type=\"section\" data-e-type=\"section\">\n\t\t\t\t\t\t<div class=\"elementor-container elementor-column-gap-default\">\n\t\t\t\t\t<div class=\"has_eae_slider elementor-column elementor-col-100 elementor-inner-column elementor-element elementor-element-6571f923\" data-eae-slider=\"71346\" data-id=\"6571f923\" data-element_type=\"column\" data-e-type=\"column\">\n\t\t\t<div class=\"elementor-widget-wrap elementor-element-populated\">\n\t\t\t\t\t\t<div class=\"elementor-element elementor-element-633daba0 custinrSecTitleline elementor-widget-divider--view-line elementor-widget elementor-widget-divider\" data-id=\"633daba0\" data-element_type=\"widget\" data-e-type=\"widget\" data-widget_type=\"divider.default\">\n\t\t\t\t<div class=\"elementor-widget-container\">\n\t\t\t\t\t\t\t<div class=\"elementor-divider\">\n\t\t\t<span class=\"elementor-divider-separator\">\n\t\t\t\t\t\t<\/span>\n\t\t<\/div>\n\t\t\t\t\t\t<\/div>\n\t\t\t\t<\/div>\n\t\t\t\t<div class=\"elementor-element elementor-element-7288da0 custbnrlist elementor-icon-list--layout-traditional elementor-list-item-link-full_width elementor-widget elementor-widget-icon-list\" data-id=\"7288da0\" data-element_type=\"widget\" data-e-type=\"widget\" data-widget_type=\"icon-list.default\">\n\t\t\t\t<div class=\"elementor-widget-container\">\n\t\t\t\t\t\t\t<ul class=\"elementor-icon-list-items\">\n\t\t\t\t\t\t\t<li class=\"elementor-icon-list-item\">\n\t\t\t\t\t\t\t\t\t\t<span class=\"elementor-icon-list-text\">Hakukoneoptimointi<\/span>\n\t\t\t\t\t\t\t\t\t<\/li>\n\t\t\t\t\t\t\t\t<li class=\"elementor-icon-list-item\">\n\t\t\t\t\t\t\t\t\t\t<span class=\"elementor-icon-list-text\">Muunnoksen optimointi<\/span>\n\t\t\t\t\t\t\t\t\t<\/li>\n\t\t\t\t\t\t\t\t<li class=\"elementor-icon-list-item\">\n\t\t\t\t\t\t\t\t\t\t<span class=\"elementor-icon-list-text\">Nopeuden optimointi<\/span>\n\t\t\t\t\t\t\t\t\t<\/li>\n\t\t\t\t\t\t<\/ul>\n\t\t\t\t\t\t<\/div>\n\t\t\t\t<\/div>\n\t\t\t\t\t<\/div>\n\t\t<\/div>\n\t\t\t\t\t<\/div>\n\t\t<\/section>\n\t\t\t\t\t<\/div>\n\t\t<\/div>\n\t\t\t\t\t<\/div>\n\t\t<\/section>\n\t\t\t\t<section class=\"has_eae_slider elementor-section elementor-top-section elementor-element elementor-element-3afaa68b elementor-section-boxed elementor-section-height-default elementor-section-height-default\" data-eae-slider=\"39555\" data-id=\"3afaa68b\" data-element_type=\"section\" data-e-type=\"section\">\n\t\t\t\t\t\t<div class=\"elementor-container elementor-column-gap-default\">\n\t\t\t\t\t<div class=\"has_eae_slider elementor-column elementor-col-100 elementor-top-column elementor-element elementor-element-2aa3368c\" data-eae-slider=\"55405\" data-id=\"2aa3368c\" data-element_type=\"column\" data-e-type=\"column\">\n\t\t\t<div class=\"elementor-widget-wrap elementor-element-populated\">\n\t\t\t\t\t\t<section class=\"has_eae_slider elementor-section elementor-inner-section elementor-element elementor-element-5b656653 elementor-section-boxed elementor-section-height-default elementor-section-height-default\" data-eae-slider=\"65071\" data-id=\"5b656653\" data-element_type=\"section\" data-e-type=\"section\">\n\t\t\t\t\t\t<div class=\"elementor-container elementor-column-gap-default\">\n\t\t\t\t\t<div class=\"has_eae_slider elementor-column elementor-col-100 elementor-inner-column elementor-element elementor-element-518d4a67\" data-eae-slider=\"64776\" data-id=\"518d4a67\" data-element_type=\"column\" data-e-type=\"column\">\n\t\t\t<div class=\"elementor-widget-wrap elementor-element-populated\">\n\t\t\t\t\t\t<div class=\"elementor-element elementor-element-550decc5 elementor-widget elementor-widget-heading\" data-id=\"550decc5\" data-element_type=\"widget\" data-e-type=\"widget\" data-widget_type=\"heading.default\">\n\t\t\t\t<div class=\"elementor-widget-container\">\n\t\t\t\t\t<h2 class=\"elementor-heading-title elementor-size-default\">Miksi hakukoneoptimointi?<\/h2>\t\t\t\t<\/div>\n\t\t\t\t<\/div>\n\t\t\t\t<div class=\"elementor-element elementor-element-30ca5b28 elementor-widget-divider--view-line elementor-widget elementor-widget-divider\" data-id=\"30ca5b28\" data-element_type=\"widget\" data-e-type=\"widget\" data-widget_type=\"divider.default\">\n\t\t\t\t<div class=\"elementor-widget-container\">\n\t\t\t\t\t\t\t<div class=\"elementor-divider\">\n\t\t\t<span class=\"elementor-divider-separator\">\n\t\t\t\t\t\t<\/span>\n\t\t<\/div>\n\t\t\t\t\t\t<\/div>\n\t\t\t\t<\/div>\n\t\t\t\t\t<\/div>\n\t\t<\/div>\n\t\t\t\t\t<\/div>\n\t\t<\/section>\n\t\t\t\t<section class=\"has_eae_slider elementor-section elementor-inner-section elementor-element elementor-element-582089ae elementor-section-boxed elementor-section-height-default elementor-section-height-default\" data-eae-slider=\"42698\" data-id=\"582089ae\" data-element_type=\"section\" data-e-type=\"section\">\n\t\t\t\t\t\t<div class=\"elementor-container elementor-column-gap-default\">\n\t\t\t\t\t<div class=\"has_eae_slider elementor-column elementor-col-100 elementor-inner-column elementor-element elementor-element-42fa6074\" data-eae-slider=\"36809\" data-id=\"42fa6074\" data-element_type=\"column\" data-e-type=\"column\">\n\t\t\t<div class=\"elementor-widget-wrap elementor-element-populated\">\n\t\t\t\t\t\t<div class=\"elementor-element elementor-element-45dd9414 elementor-widget elementor-widget-heading\" data-id=\"45dd9414\" data-element_type=\"widget\" data-e-type=\"widget\" data-widget_type=\"heading.default\">\n\t\t\t\t<div class=\"elementor-widget-container\">\n\t\t\t\t\t<p class=\"elementor-heading-title elementor-size-default\">Hakukoneoptimoinnin tavoitteena on va\u0308lillisesti edista\u0308a\u0308 kohteen sijoitusta sivusto hakukoneiden luonnollisissa hakutuloksissa. <\/p>\t\t\t\t<\/div>\n\t\t\t\t<\/div>\n\t\t\t\t<div class=\"elementor-element elementor-element-54c7a40 elementor-widget elementor-widget-heading\" data-id=\"54c7a40\" data-element_type=\"widget\" data-e-type=\"widget\" data-widget_type=\"heading.default\">\n\t\t\t\t<div class=\"elementor-widget-container\">\n\t\t\t\t\t<p class=\"elementor-heading-title elementor-size-default\">Luonnolliset hakutulokset ovat yleensa\u0308 pideta\u0308a\u0308n luotettavana, koska maksetut mainokset on nyt merkitty hakutuloksissa melko selva\u0308sti. Vierailija liikenne sivustolle luonnollisten linkkien kautta vietta\u0308a\u0308 yleensa\u0308 enemma\u0308n aikaa sivustolla ja osta verkossa. Ta\u0308ma\u0308 puolestaan johtaa eri alojen yrityksiin ymma\u0308rretta\u0308va\u0308sti haluavat osuutensa ta\u0308sta\u0308 ka\u0308vija\u0308liikenteesta\u0308.\n<\/p>\t\t\t\t<\/div>\n\t\t\t\t<\/div>\n\t\t\t\t<div class=\"elementor-element elementor-element-58ab220 elementor-widget elementor-widget-heading\" data-id=\"58ab220\" data-element_type=\"widget\" data-e-type=\"widget\" data-widget_type=\"heading.default\">\n\t\t\t\t<div class=\"elementor-widget-container\">\n\t\t\t\t\t<p class=\"elementor-heading-title elementor-size-default\">Luonnollisissa hakutuloksissa sijainnilla on merkitysta\u0308. Karkeasti voidaan ajatella, etta\u0308 50% ka\u0308vijo\u0308ista\u0308 jotka na\u0308keva\u0308t hakutulosten ensimma\u0308isen sivun, siirtyva\u0308t kolmeen ensimma\u0308iseen linkkiin, 49% jakautuu hakusanoihin ja\u0308ljella\u0308 olevat na\u0308kyva\u0308t linkit ja viimeinen prosenttiosuus siirtyy hakutulosten seuraavalle sivulle.\n\nKuten seurauksena kilpailu ensimma\u0308isen sivun sijoituksista on kovaa teollisuudessa eika\u0308 teollisuudessa, ja Hakukoneoptimointi tarjoaa tavan mainostaa omia sijoituksiasi.<\/p>\t\t\t\t<\/div>\n\t\t\t\t<\/div>\n\t\t\t\t\t<\/div>\n\t\t<\/div>\n\t\t\t\t\t<\/div>\n\t\t<\/section>\n\t\t\t\t<section class=\"has_eae_slider elementor-section elementor-inner-section elementor-element elementor-element-ea3f34c elementor-section-boxed elementor-section-height-default elementor-section-height-default\" data-eae-slider=\"87532\" data-id=\"ea3f34c\" data-element_type=\"section\" data-e-type=\"section\">\n\t\t\t\t\t\t<div class=\"elementor-container elementor-column-gap-default\">\n\t\t\t\t\t<div class=\"has_eae_slider elementor-column elementor-col-100 elementor-inner-column elementor-element elementor-element-4a0cff5\" data-eae-slider=\"90058\" data-id=\"4a0cff5\" data-element_type=\"column\" data-e-type=\"column\">\n\t\t\t<div class=\"elementor-widget-wrap elementor-element-populated\">\n\t\t\t\t\t\t<div class=\"elementor-element elementor-element-81582c9 elementor-widget elementor-widget-heading\" data-id=\"81582c9\" data-element_type=\"widget\" data-e-type=\"widget\" data-widget_type=\"heading.default\">\n\t\t\t\t<div class=\"elementor-widget-container\">\n\t\t\t\t\t<h2 class=\"elementor-heading-title elementor-size-default\">Hakukoneoptimoinnin e-nitiaatti\n<\/h2>\t\t\t\t<\/div>\n\t\t\t\t<\/div>\n\t\t\t\t<div class=\"elementor-element elementor-element-8a9107e elementor-widget-divider--view-line elementor-widget elementor-widget-divider\" data-id=\"8a9107e\" data-element_type=\"widget\" data-e-type=\"widget\" data-widget_type=\"divider.default\">\n\t\t\t\t<div class=\"elementor-widget-container\">\n\t\t\t\t\t\t\t<div class=\"elementor-divider\">\n\t\t\t<span class=\"elementor-divider-separator\">\n\t\t\t\t\t\t<\/span>\n\t\t<\/div>\n\t\t\t\t\t\t<\/div>\n\t\t\t\t<\/div>\n\t\t\t\t<div class=\"elementor-element elementor-element-4d305c7 elementor-widget elementor-widget-heading\" data-id=\"4d305c7\" data-element_type=\"widget\" data-e-type=\"widget\" data-widget_type=\"heading.default\">\n\t\t\t\t<div class=\"elementor-widget-container\">\n\t\t\t\t\t<p class=\"elementor-heading-title elementor-size-default\">E-nitiatessa keskitymme ensisijaisesti sivuston sis\u00e4ll\u00f6n ja k\u00e4ytt\u00f6kokemuksen edist\u00e4miseen hakukoneoptimoinnissa. Kun hakukoneet pyrkiv\u00e4t tarjoamaan tiedonhakijoille mahdollisimman osuvaa ja laadukasta sis\u00e4lt\u00f6\u00e4, maustettuna hyv\u00e4ll\u00e4 k\u00e4ytt\u00f6kokemuksella, keskitymme parantamaan n\u00e4it\u00e4 alueita mahdollisimman paljon hakukoneoptimointiprojekteissamme. Olemme tottuneet ty\u00f6skentelem\u00e4\u00e4n erityisesti sis\u00e4ll\u00f6ntuotannon ja optimoinnin parissa, mutta tied\u00e4mme my\u00f6s tekniset keinot, joiden avulla voit sijoittua hakutuloksiin.\n<br>\n<b>Kiinnit\u00e4 asiakkaasi huomiota<\/b><\/p>\t\t\t\t<\/div>\n\t\t\t\t<\/div>\n\t\t\t\t<div class=\"elementor-element elementor-element-256fd07 elementor-align-center elementor-widget elementor-widget-button\" data-id=\"256fd07\" data-element_type=\"widget\" data-e-type=\"widget\" data-widget_type=\"button.default\">\n\t\t\t\t<div class=\"elementor-widget-container\">\n\t\t\t\t\t\t\t\t\t<div class=\"elementor-button-wrapper\">\n\t\t\t\t\t<a class=\"elementor-button elementor-button-link elementor-size-sm\" href=\"\/fi\/contact\/\">\n\t\t\t\t\t\t<span class=\"elementor-button-content-wrapper\">\n\t\t\t\t\t\t\t\t\t<span class=\"elementor-button-text\">Ota yhteytt\u00e4<\/span>\n\t\t\t\t\t<\/span>\n\t\t\t\t\t<\/a>\n\t\t\t\t<\/div>\n\t\t\t\t\t\t\t\t<\/div>\n\t\t\t\t<\/div>\n\t\t\t\t\t<\/div>\n\t\t<\/div>\n\t\t\t\t\t<\/div>\n\t\t<\/section>\n\t\t\t\t\t<\/div>\n\t\t<\/div>\n\t\t\t\t\t<\/div>\n\t\t<\/section>\n\t\t\t\t<\/div>","protected":false},"excerpt":{"rendered":"<p>Optimizing Search engine optimization Conversion optimization Speed optimization WHY SEARCH ENGINE OPTIMIZATION? Search engine optimization aims to directly promote the ranking of the target site in the natural search results of search engines. Natural search results are generally considered reliable, as paid ads are now fairly clearly marked in search results. Visitor traffic to a [&hellip;]<\/p>\n","protected":false},"author":3,"featured_media":0,"parent":0,"menu_order":0,"comment_status":"closed","ping_status":"closed","template":"","meta":{"site-sidebar-layout":"no-sidebar","site-content-layout":"page-builder","ast-site-content-layout":"default","site-content-style":"default","site-sidebar-style":"default","ast-global-header-display":"","ast-banner-title-visibility":"","ast-main-header-display":"","ast-hfb-above-header-display":"","ast-hfb-below-header-display":"","ast-hfb-mobile-header-display":"","site-post-title":"disabled","ast-breadcrumbs-content":"disabled","ast-featured-img":"disabled","footer-sml-layout":"","ast-disable-related-posts":"","theme-transparent-header-meta":"default","adv-header-id-meta":"","stick-header-meta":"","header-above-stick-meta":"","header-main-stick-meta":"","header-below-stick-meta":"","astra-migrate-meta-layouts":"default","ast-page-background-enabled":"default","ast-page-background-meta":{"desktop":{"background-color":"","background-image":"","background-repeat":"repeat","background-position":"center center","background-size":"auto","background-attachment":"scroll","background-type":"","background-media":"","overlay-type":"","overlay-color":"","overlay-opacity":"","overlay-gradient":""},"tablet":{"background-color":"","background-image":"","background-repeat":"repeat","background-position":"center center","background-size":"auto","background-attachment":"scroll","background-type":"","background-media":"","overlay-type":"","overlay-color":"","overlay-opacity":"","overlay-gradient":""},"mobile":{"background-color":"","background-image":"","background-repeat":"repeat","background-position":"center center","background-size":"auto","background-attachment":"scroll","background-type":"","background-media":"","overlay-type":"","overlay-color":"","overlay-opacity":"","overlay-gradient":""}},"ast-content-background-meta":{"desktop":{"background-color":"var(--ast-global-color-5)","background-image":"","background-repeat":"repeat","background-position":"center center","background-size":"auto","background-attachment":"scroll","background-type":"","background-media":"","overlay-type":"","overlay-color":"","overlay-opacity":"","overlay-gradient":""},"tablet":{"background-color":"var(--ast-global-color-5)","background-image":"","background-repeat":"repeat","background-position":"center center","background-size":"auto","background-attachment":"scroll","background-type":"","background-media":"","overlay-type":"","overlay-color":"","overlay-opacity":"","overlay-gradient":""},"mobile":{"background-color":"var(--ast-global-color-5)","background-image":"","background-repeat":"repeat","background-position":"center center","background-size":"auto","background-attachment":"scroll","background-type":"","background-media":"","overlay-type":"","overlay-color":"","overlay-opacity":"","overlay-gradient":""}},"footnotes":""},"class_list":["post-850","page","type-page","status-publish","hentry"],"yoast_head":"<!-- This site is optimized with the Yoast SEO plugin v27.1.1 - https:\/\/yoast.com\/product\/yoast-seo-wordpress\/ -->\n<title>Optimizing - E-Nitiate<\/title>\n<meta name=\"robots\" content=\"index, follow, max-snippet:-1, max-image-preview:large, max-video-preview:-1\" \/>\n<link rel=\"canonical\" href=\"https:\/\/e-nitiatemedia.com\/fi\/optimizing\/\" \/>\n<meta property=\"og:locale\" content=\"fi_FI\" \/>\n<meta property=\"og:type\" content=\"article\" \/>\n<meta property=\"og:title\" content=\"Optimizing - E-Nitiate\" \/>\n<meta property=\"og:description\" content=\"Optimizing Search engine optimization Conversion optimization Speed optimization WHY SEARCH ENGINE OPTIMIZATION? Search engine optimization aims to directly promote the ranking of the target site in the natural search results of search engines. Natural search results are generally considered reliable, as paid ads are now fairly clearly marked in search results. Visitor traffic to a [&hellip;]\" \/>\n<meta property=\"og:url\" content=\"https:\/\/e-nitiatemedia.com\/fi\/optimizing\/\" \/>\n<meta property=\"og:site_name\" content=\"E-Nitiate\" \/>\n<meta property=\"article:modified_time\" content=\"2024-01-22T20:31:30+00:00\" \/>\n<meta name=\"twitter:card\" content=\"summary_large_image\" \/>\n<meta name=\"twitter:label1\" content=\"Arvioitu lukuaika\" \/>\n\t<meta name=\"twitter:data1\" content=\"1 minuutti\" \/>\n<script type=\"application\/ld+json\" class=\"yoast-schema-graph\">{\"@context\":\"https:\/\/schema.org\",\"@graph\":[{\"@type\":\"WebPage\",\"@id\":\"https:\/\/e-nitiatemedia.com\/optimizing\/\",\"url\":\"https:\/\/e-nitiatemedia.com\/optimizing\/\",\"name\":\"Optimizing - E-Nitiate\",\"isPartOf\":{\"@id\":\"https:\/\/e-nitiatemedia.com\/fi\/#website\"},\"datePublished\":\"2020-11-03T06:59:59+00:00\",\"dateModified\":\"2024-01-22T20:31:30+00:00\",\"breadcrumb\":{\"@id\":\"https:\/\/e-nitiatemedia.com\/optimizing\/#breadcrumb\"},\"inLanguage\":\"fi\",\"potentialAction\":[{\"@type\":\"ReadAction\",\"target\":[\"https:\/\/e-nitiatemedia.com\/optimizing\/\"]}]},{\"@type\":\"BreadcrumbList\",\"@id\":\"https:\/\/e-nitiatemedia.com\/optimizing\/#breadcrumb\",\"itemListElement\":[{\"@type\":\"ListItem\",\"position\":1,\"name\":\"Home\",\"item\":\"https:\/\/e-nitiatemedia.com\/fi\/\"},{\"@type\":\"ListItem\",\"position\":2,\"name\":\"Optimizing\"}]},{\"@type\":\"WebSite\",\"@id\":\"https:\/\/e-nitiatemedia.com\/fi\/#website\",\"url\":\"https:\/\/e-nitiatemedia.com\/fi\/\",\"name\":\"E-Nitiate\",\"description\":\"Unlock the full potential of your online presence with our results-driven digital marketing agency.\",\"publisher\":{\"@id\":\"https:\/\/e-nitiatemedia.com\/fi\/#organization\"},\"potentialAction\":[{\"@type\":\"SearchAction\",\"target\":{\"@type\":\"EntryPoint\",\"urlTemplate\":\"https:\/\/e-nitiatemedia.com\/fi\/?s={search_term_string}\"},\"query-input\":{\"@type\":\"PropertyValueSpecification\",\"valueRequired\":true,\"valueName\":\"search_term_string\"}}],\"inLanguage\":\"fi\"},{\"@type\":\"Organization\",\"@id\":\"https:\/\/e-nitiatemedia.com\/fi\/#organization\",\"name\":\"E-Nitiate\",\"url\":\"https:\/\/e-nitiatemedia.com\/fi\/\",\"logo\":{\"@type\":\"ImageObject\",\"inLanguage\":\"fi\",\"@id\":\"https:\/\/e-nitiatemedia.com\/fi\/#\/schema\/logo\/image\/\",\"url\":\"https:\/\/e-nitiatemedia.com\/wp-content\/uploads\/2020\/11\/cropped-logo-1.png\",\"contentUrl\":\"https:\/\/e-nitiatemedia.com\/wp-content\/uploads\/2020\/11\/cropped-logo-1.png\",\"width\":1333,\"height\":838,\"caption\":\"E-Nitiate\"},\"image\":{\"@id\":\"https:\/\/e-nitiatemedia.com\/fi\/#\/schema\/logo\/image\/\"}}]}<\/script>\n<!-- \/ Yoast SEO plugin. -->","yoast_head_json":{"title":"Optimizing - E-Nitiate","robots":{"index":"index","follow":"follow","max-snippet":"max-snippet:-1","max-image-preview":"max-image-preview:large","max-video-preview":"max-video-preview:-1"},"canonical":"https:\/\/e-nitiatemedia.com\/fi\/optimizing\/","og_locale":"fi_FI","og_type":"article","og_title":"Optimizing - E-Nitiate","og_description":"Optimizing Search engine optimization Conversion optimization Speed optimization WHY SEARCH ENGINE OPTIMIZATION? Search engine optimization aims to directly promote the ranking of the target site in the natural search results of search engines. Natural search results are generally considered reliable, as paid ads are now fairly clearly marked in search results. Visitor traffic to a [&hellip;]","og_url":"https:\/\/e-nitiatemedia.com\/fi\/optimizing\/","og_site_name":"E-Nitiate","article_modified_time":"2024-01-22T20:31:30+00:00","twitter_card":"summary_large_image","twitter_misc":{"Arvioitu lukuaika":"1 minuutti"},"schema":{"@context":"https:\/\/schema.org","@graph":[{"@type":"WebPage","@id":"https:\/\/e-nitiatemedia.com\/optimizing\/","url":"https:\/\/e-nitiatemedia.com\/optimizing\/","name":"Optimizing - E-Nitiate","isPartOf":{"@id":"https:\/\/e-nitiatemedia.com\/fi\/#website"},"datePublished":"2020-11-03T06:59:59+00:00","dateModified":"2024-01-22T20:31:30+00:00","breadcrumb":{"@id":"https:\/\/e-nitiatemedia.com\/optimizing\/#breadcrumb"},"inLanguage":"fi","potentialAction":[{"@type":"ReadAction","target":["https:\/\/e-nitiatemedia.com\/optimizing\/"]}]},{"@type":"BreadcrumbList","@id":"https:\/\/e-nitiatemedia.com\/optimizing\/#breadcrumb","itemListElement":[{"@type":"ListItem","position":1,"name":"Home","item":"https:\/\/e-nitiatemedia.com\/fi\/"},{"@type":"ListItem","position":2,"name":"Optimizing"}]},{"@type":"WebSite","@id":"https:\/\/e-nitiatemedia.com\/fi\/#website","url":"https:\/\/e-nitiatemedia.com\/fi\/","name":"E-Nitiate","description":"Unlock the full potential of your online presence with our results-driven digital marketing agency.","publisher":{"@id":"https:\/\/e-nitiatemedia.com\/fi\/#organization"},"potentialAction":[{"@type":"SearchAction","target":{"@type":"EntryPoint","urlTemplate":"https:\/\/e-nitiatemedia.com\/fi\/?s={search_term_string}"},"query-input":{"@type":"PropertyValueSpecification","valueRequired":true,"valueName":"search_term_string"}}],"inLanguage":"fi"},{"@type":"Organization","@id":"https:\/\/e-nitiatemedia.com\/fi\/#organization","name":"E-Nitiate","url":"https:\/\/e-nitiatemedia.com\/fi\/","logo":{"@type":"ImageObject","inLanguage":"fi","@id":"https:\/\/e-nitiatemedia.com\/fi\/#\/schema\/logo\/image\/","url":"https:\/\/e-nitiatemedia.com\/wp-content\/uploads\/2020\/11\/cropped-logo-1.png","contentUrl":"https:\/\/e-nitiatemedia.com\/wp-content\/uploads\/2020\/11\/cropped-logo-1.png","width":1333,"height":838,"caption":"E-Nitiate"},"image":{"@id":"https:\/\/e-nitiatemedia.com\/fi\/#\/schema\/logo\/image\/"}}]}},"_links":{"self":[{"href":"https:\/\/e-nitiatemedia.com\/fi\/wp-json\/wp\/v2\/pages\/850","targetHints":{"allow":["GET"]}}],"collection":[{"href":"https:\/\/e-nitiatemedia.com\/fi\/wp-json\/wp\/v2\/pages"}],"about":[{"href":"https:\/\/e-nitiatemedia.com\/fi\/wp-json\/wp\/v2\/types\/page"}],"author":[{"embeddable":true,"href":"https:\/\/e-nitiatemedia.com\/fi\/wp-json\/wp\/v2\/users\/3"}],"replies":[{"embeddable":true,"href":"https:\/\/e-nitiatemedia.com\/fi\/wp-json\/wp\/v2\/comments?post=850"}],"version-history":[{"count":52,"href":"https:\/\/e-nitiatemedia.com\/fi\/wp-json\/wp\/v2\/pages\/850\/revisions"}],"predecessor-version":[{"id":2690,"href":"https:\/\/e-nitiatemedia.com\/fi\/wp-json\/wp\/v2\/pages\/850\/revisions\/2690"}],"wp:attachment":[{"href":"https:\/\/e-nitiatemedia.com\/fi\/wp-json\/wp\/v2\/media?parent=850"}],"curies":[{"name":"wp","href":"https:\/\/api.w.org\/{rel}","templated":true}]}}