{"id":1618,"date":"2020-11-10T11:20:49","date_gmt":"2020-11-10T11:20:49","guid":{"rendered":"http:\/\/e-nitiate.com\/?page_id=1618"},"modified":"2024-01-22T20:29:47","modified_gmt":"2024-01-22T20:29:47","slug":"website","status":"publish","type":"page","link":"https:\/\/e-nitiatemedia.com\/fi\/website\/","title":{"rendered":"Verkkosivustolla"},"content":{"rendered":"<div data-elementor-type=\"wp-page\" data-elementor-id=\"1618\" class=\"elementor elementor-1618\">\n\t\t\t\t\t\t<section class=\"has_eae_slider elementor-section elementor-top-section elementor-element elementor-element-3aa1ba0 elementor-section-boxed elementor-section-height-default elementor-section-height-default\" data-eae-slider=\"39079\" data-id=\"3aa1ba0\" data-element_type=\"section\" data-e-type=\"section\" data-settings=\"{&quot;background_background&quot;:&quot;classic&quot;}\">\n\t\t\t\t\t\t\t<div class=\"elementor-background-overlay\"><\/div>\n\t\t\t\t\t\t\t<div class=\"elementor-container elementor-column-gap-default\">\n\t\t\t\t\t<div class=\"has_eae_slider elementor-column elementor-col-100 elementor-top-column elementor-element elementor-element-533fd12\" data-eae-slider=\"2424\" data-id=\"533fd12\" data-element_type=\"column\" data-e-type=\"column\">\n\t\t\t<div class=\"elementor-widget-wrap elementor-element-populated\">\n\t\t\t\t\t\t<section class=\"has_eae_slider elementor-section elementor-inner-section elementor-element elementor-element-1c41f58 custinrSecTitle elementor-section-boxed elementor-section-height-default elementor-section-height-default\" data-eae-slider=\"72127\" data-id=\"1c41f58\" data-element_type=\"section\" data-e-type=\"section\">\n\t\t\t\t\t\t<div class=\"elementor-container elementor-column-gap-default\">\n\t\t\t\t\t<div class=\"has_eae_slider elementor-column elementor-col-100 elementor-inner-column elementor-element elementor-element-41abd59\" data-eae-slider=\"92455\" data-id=\"41abd59\" data-element_type=\"column\" data-e-type=\"column\">\n\t\t\t<div class=\"elementor-widget-wrap elementor-element-populated\">\n\t\t\t\t\t\t<div class=\"elementor-element elementor-element-913ca20 custinrSecTitleline elementor-widget-divider--view-line elementor-widget elementor-widget-divider\" data-id=\"913ca20\" data-element_type=\"widget\" data-e-type=\"widget\" data-widget_type=\"divider.default\">\n\t\t\t\t<div class=\"elementor-widget-container\">\n\t\t\t\t\t\t\t<div class=\"elementor-divider\">\n\t\t\t<span class=\"elementor-divider-separator\">\n\t\t\t\t\t\t<\/span>\n\t\t<\/div>\n\t\t\t\t\t\t<\/div>\n\t\t\t\t<\/div>\n\t\t\t\t<div class=\"elementor-element elementor-element-db77b38 custbnrlist elementor-icon-list--layout-traditional elementor-list-item-link-full_width elementor-widget elementor-widget-icon-list\" data-id=\"db77b38\" data-element_type=\"widget\" data-e-type=\"widget\" data-widget_type=\"icon-list.default\">\n\t\t\t\t<div class=\"elementor-widget-container\">\n\t\t\t\t\t\t\t<ul class=\"elementor-icon-list-items\">\n\t\t\t\t\t\t\t<li class=\"elementor-icon-list-item\">\n\t\t\t\t\t\t\t\t\t\t<span class=\"elementor-icon-list-text\">Digitaalinen n\u00e4kyvyys<\/span>\n\t\t\t\t\t\t\t\t\t<\/li>\n\t\t\t\t\t\t\t\t<li class=\"elementor-icon-list-item\">\n\t\t\t\t\t\t\t\t\t\t<span class=\"elementor-icon-list-text\">Verkkokaupat<\/span>\n\t\t\t\t\t\t\t\t\t<\/li>\n\t\t\t\t\t\t\t\t<li class=\"elementor-icon-list-item\">\n\t\t\t\t\t\t\t\t\t\t<span class=\"elementor-icon-list-text\">Kampanjasivut<\/span>\n\t\t\t\t\t\t\t\t\t<\/li>\n\t\t\t\t\t\t<\/ul>\n\t\t\t\t\t\t<\/div>\n\t\t\t\t<\/div>\n\t\t\t\t\t<\/div>\n\t\t<\/div>\n\t\t\t\t\t<\/div>\n\t\t<\/section>\n\t\t\t\t\t<\/div>\n\t\t<\/div>\n\t\t\t\t\t<\/div>\n\t\t<\/section>\n\t\t\t\t<section class=\"has_eae_slider elementor-section elementor-top-section elementor-element elementor-element-c6008ab elementor-section-boxed elementor-section-height-default elementor-section-height-default\" data-eae-slider=\"71222\" data-id=\"c6008ab\" data-element_type=\"section\" data-e-type=\"section\">\n\t\t\t\t\t\t<div class=\"elementor-container elementor-column-gap-default\">\n\t\t\t\t\t<div class=\"has_eae_slider elementor-column elementor-col-100 elementor-top-column elementor-element elementor-element-576b962\" data-eae-slider=\"48480\" data-id=\"576b962\" data-element_type=\"column\" data-e-type=\"column\">\n\t\t\t<div class=\"elementor-widget-wrap elementor-element-populated\">\n\t\t\t\t\t\t<section class=\"has_eae_slider elementor-section elementor-inner-section elementor-element elementor-element-acb9378 elementor-section-boxed elementor-section-height-default elementor-section-height-default\" data-eae-slider=\"19741\" data-id=\"acb9378\" data-element_type=\"section\" data-e-type=\"section\">\n\t\t\t\t\t\t<div class=\"elementor-container elementor-column-gap-default\">\n\t\t\t\t\t<div class=\"has_eae_slider elementor-column elementor-col-100 elementor-inner-column elementor-element elementor-element-67afbf9\" data-eae-slider=\"91859\" data-id=\"67afbf9\" data-element_type=\"column\" data-e-type=\"column\">\n\t\t\t<div class=\"elementor-widget-wrap elementor-element-populated\">\n\t\t\t\t\t\t<div class=\"elementor-element elementor-element-fa09ad9 elementor-widget elementor-widget-heading\" data-id=\"fa09ad9\" data-element_type=\"widget\" data-e-type=\"widget\" data-widget_type=\"heading.default\">\n\t\t\t\t<div class=\"elementor-widget-container\">\n\t\t\t\t\t<h2 class=\"elementor-heading-title elementor-size-default\">Nyky\u00e4\u00e4n jopa  93% liiketoimintap\u00e4\u00e4t\u00f6ksist\u00e4 alkaa hakukoneesta, tarkoittaa, ett\u00e4 jos sinulla ei ole verkkosivustoa, myyt vain 7 prosentille markkinoistasi. Aivan oikein, pienenn\u00e4t yrityksesi potentiaalista kokoa 93%.<\/h2>\t\t\t\t<\/div>\n\t\t\t\t<\/div>\n\t\t\t\t<div class=\"elementor-element elementor-element-c007129 elementor-widget-divider--view-line elementor-widget elementor-widget-divider\" data-id=\"c007129\" data-element_type=\"widget\" data-e-type=\"widget\" data-widget_type=\"divider.default\">\n\t\t\t\t<div class=\"elementor-widget-container\">\n\t\t\t\t\t\t\t<div class=\"elementor-divider\">\n\t\t\t<span class=\"elementor-divider-separator\">\n\t\t\t\t\t\t<\/span>\n\t\t<\/div>\n\t\t\t\t\t\t<\/div>\n\t\t\t\t<\/div>\n\t\t\t\t\t<\/div>\n\t\t<\/div>\n\t\t\t\t\t<\/div>\n\t\t<\/section>\n\t\t\t\t<section class=\"has_eae_slider elementor-section elementor-inner-section elementor-element elementor-element-7411731 elementor-section-boxed elementor-section-height-default elementor-section-height-default\" data-eae-slider=\"1191\" data-id=\"7411731\" data-element_type=\"section\" data-e-type=\"section\">\n\t\t\t\t\t\t<div class=\"elementor-container elementor-column-gap-default\">\n\t\t\t\t\t<div class=\"has_eae_slider elementor-column elementor-col-100 elementor-inner-column elementor-element elementor-element-830bc5d\" data-eae-slider=\"9585\" data-id=\"830bc5d\" data-element_type=\"column\" data-e-type=\"column\">\n\t\t\t<div class=\"elementor-widget-wrap elementor-element-populated\">\n\t\t\t\t\t\t<div class=\"elementor-element elementor-element-b9ddae5 elementor-widget elementor-widget-text-editor\" data-id=\"b9ddae5\" data-element_type=\"widget\" data-e-type=\"widget\" data-widget_type=\"text-editor.default\">\n\t\t\t\t<div class=\"elementor-widget-container\">\n\t\t\t\t\t\t\t\t\t<p>Yhti\u00f6n verkkosivusto on t\u00e4rkein liiketoiminnan voimavara. Sen avulla yrityksesi voi olla digitaalisesti l\u00e4sn\u00e4 ja tavoittaa siten enemm\u00e4n yleis\u00f6\u00e4 ja potentiaalisia asiakkaita. Verkkosivuston avulla voit k\u00e4ytt\u00e4\u00e4 markkinoitasi kansallisesti ja kansainv\u00e4lisesti. On eritt\u00e4in t\u00e4rke\u00e4\u00e4, ett\u00e4 yrityksesi verkkosivusto toimii my\u00f6s kaikilla laitteilla.<br \/><br \/>Jopa kolmasosa ihmisist\u00e4 j\u00e4tt\u00e4\u00e4 verkkosivustohaun heti, jos sivut eiv\u00e4t toimi k\u00e4yt\u00f6ss\u00e4 olevan laitteen kanssa. Google suosii mobiilihakuisia kotisivuja mobiilihauissa.<br \/><br \/>Internetin k\u00e4ytt\u00f6 mobiililaitteissa kasvaa r\u00e4j\u00e4hdysm\u00e4isesti vuosittain.<br \/>Asiakkailla on keskim\u00e4\u00e4rin 3 erilaista laitetta, joilla he k\u00e4ytt\u00e4v\u00e4t Interneti\u00e4. Yhti\u00f6n verkkosivuston toimivuus k\u00e4ytett\u00e4viss\u00e4 olevan laitteen kanssa vaikuttaa merkitt\u00e4v\u00e4sti ostop\u00e4\u00e4t\u00f6st\u00e4.Helposti mukautettavat ja modernit verkkosivustomallimme mahdollistavat tyylikk\u00e4\u00e4t verkkosivustot edulliseen hintaan. Teemme my\u00f6s ainutlaatuisia verkkosivustoratkaisuja.<br \/><br \/>Verkkokaupan avulla voit pit\u00e4\u00e4 myym\u00e4l\u00e4n auki 24 tuntia vuorokaudessa ja 7 p\u00e4iv\u00e4\u00e4 viikossa. N\u00e4in tavoita enemm\u00e4n asiakkaita. Nykymaailmassa ihmiset ovat tottuneet k\u00e4ym\u00e4\u00e4n verkossa ostamassa tarvitsemiaan tuotteita. Heid\u00e4n ei tarvitse kokea paljon turhautumista voidakseen tehd\u00e4 ostoksia verkossa. He p\u00e4\u00e4sev\u00e4t helposti verkkokauppoihin henkil\u00f6kohtaisten tietokoneidensa tai mobiililaitteiden avulla ja tilaavat mit\u00e4 haluavat. Ja se toimitettaisiin kynnykselle. Verkkokauppa on nopea ja tehokas ratkaisu.<\/p><p><span style=\"font-weight: 400;\">Pyyd\u00e4 tarjous mobiiliyst\u00e4v\u00e4llisilt\u00e4 verkkosivustoilta, jotka toimivat miss\u00e4 ja milloin tahansa, miss\u00e4 tahansa laite!<\/span><\/p>\t\t\t\t\t\t\t\t<\/div>\n\t\t\t\t<\/div>\n\t\t\t\t<div class=\"elementor-element elementor-element-4d94fa2 elementor-align-center elementor-widget elementor-widget-button\" data-id=\"4d94fa2\" data-element_type=\"widget\" data-e-type=\"widget\" data-widget_type=\"button.default\">\n\t\t\t\t<div class=\"elementor-widget-container\">\n\t\t\t\t\t\t\t\t\t<div class=\"elementor-button-wrapper\">\n\t\t\t\t\t<a class=\"elementor-button elementor-button-link elementor-size-sm\" href=\"\/fi\/contact\/\">\n\t\t\t\t\t\t<span class=\"elementor-button-content-wrapper\">\n\t\t\t\t\t\t\t\t\t<span class=\"elementor-button-text\">Ota yhteytt\u00e4<\/span>\n\t\t\t\t\t<\/span>\n\t\t\t\t\t<\/a>\n\t\t\t\t<\/div>\n\t\t\t\t\t\t\t\t<\/div>\n\t\t\t\t<\/div>\n\t\t\t\t\t<\/div>\n\t\t<\/div>\n\t\t\t\t\t<\/div>\n\t\t<\/section>\n\t\t\t\t\t<\/div>\n\t\t<\/div>\n\t\t\t\t\t<\/div>\n\t\t<\/section>\n\t\t\t\t<\/div>","protected":false},"excerpt":{"rendered":"<p>Website Digital presence Online stores Campaign pages With 93% of business decisions starting with a search engine that means if you don&#8217;t have a website, you are only selling to 7% of your market. That is right, you are reducing the potential size of your business by 93%. Company&#8217;s website is the most important business [&hellip;]<\/p>\n","protected":false},"author":3,"featured_media":0,"parent":0,"menu_order":0,"comment_status":"closed","ping_status":"closed","template":"","meta":{"site-sidebar-layout":"no-sidebar","site-content-layout":"page-builder","ast-site-content-layout":"default","site-content-style":"default","site-sidebar-style":"default","ast-global-header-display":"","ast-banner-title-visibility":"","ast-main-header-display":"","ast-hfb-above-header-display":"","ast-hfb-below-header-display":"","ast-hfb-mobile-header-display":"","site-post-title":"disabled","ast-breadcrumbs-content":"disabled","ast-featured-img":"disabled","footer-sml-layout":"","ast-disable-related-posts":"","theme-transparent-header-meta":"default","adv-header-id-meta":"","stick-header-meta":"","header-above-stick-meta":"","header-main-stick-meta":"","header-below-stick-meta":"","astra-migrate-meta-layouts":"default","ast-page-background-enabled":"default","ast-page-background-meta":{"desktop":{"background-color":"","background-image":"","background-repeat":"repeat","background-position":"center center","background-size":"auto","background-attachment":"scroll","background-type":"","background-media":"","overlay-type":"","overlay-color":"","overlay-opacity":"","overlay-gradient":""},"tablet":{"background-color":"","background-image":"","background-repeat":"repeat","background-position":"center center","background-size":"auto","background-attachment":"scroll","background-type":"","background-media":"","overlay-type":"","overlay-color":"","overlay-opacity":"","overlay-gradient":""},"mobile":{"background-color":"","background-image":"","background-repeat":"repeat","background-position":"center center","background-size":"auto","background-attachment":"scroll","background-type":"","background-media":"","overlay-type":"","overlay-color":"","overlay-opacity":"","overlay-gradient":""}},"ast-content-background-meta":{"desktop":{"background-color":"var(--ast-global-color-5)","background-image":"","background-repeat":"repeat","background-position":"center center","background-size":"auto","background-attachment":"scroll","background-type":"","background-media":"","overlay-type":"","overlay-color":"","overlay-opacity":"","overlay-gradient":""},"tablet":{"background-color":"var(--ast-global-color-5)","background-image":"","background-repeat":"repeat","background-position":"center center","background-size":"auto","background-attachment":"scroll","background-type":"","background-media":"","overlay-type":"","overlay-color":"","overlay-opacity":"","overlay-gradient":""},"mobile":{"background-color":"var(--ast-global-color-5)","background-image":"","background-repeat":"repeat","background-position":"center center","background-size":"auto","background-attachment":"scroll","background-type":"","background-media":"","overlay-type":"","overlay-color":"","overlay-opacity":"","overlay-gradient":""}},"footnotes":""},"class_list":["post-1618","page","type-page","status-publish","hentry"],"yoast_head":"<!-- This site is optimized with the Yoast SEO plugin v27.1.1 - https:\/\/yoast.com\/product\/yoast-seo-wordpress\/ -->\n<title>Website - E-Nitiate<\/title>\n<meta name=\"robots\" content=\"index, follow, max-snippet:-1, max-image-preview:large, max-video-preview:-1\" \/>\n<link rel=\"canonical\" href=\"https:\/\/e-nitiatemedia.com\/fi\/website\/\" \/>\n<meta property=\"og:locale\" content=\"fi_FI\" \/>\n<meta property=\"og:type\" content=\"article\" \/>\n<meta property=\"og:title\" content=\"Website - E-Nitiate\" \/>\n<meta property=\"og:description\" content=\"Website Digital presence Online stores Campaign pages With 93% of business decisions starting with a search engine that means if you don&#8217;t have a website, you are only selling to 7% of your market. That is right, you are reducing the potential size of your business by 93%. Company&#8217;s website is the most important business [&hellip;]\" \/>\n<meta property=\"og:url\" content=\"https:\/\/e-nitiatemedia.com\/fi\/website\/\" \/>\n<meta property=\"og:site_name\" content=\"E-Nitiate\" \/>\n<meta property=\"article:modified_time\" content=\"2024-01-22T20:29:47+00:00\" \/>\n<meta name=\"twitter:card\" content=\"summary_large_image\" \/>\n<meta name=\"twitter:label1\" content=\"Arvioitu lukuaika\" \/>\n\t<meta name=\"twitter:data1\" content=\"2 minuuttia\" \/>\n<script type=\"application\/ld+json\" class=\"yoast-schema-graph\">{\"@context\":\"https:\/\/schema.org\",\"@graph\":[{\"@type\":\"WebPage\",\"@id\":\"https:\/\/e-nitiatemedia.com\/website\/\",\"url\":\"https:\/\/e-nitiatemedia.com\/website\/\",\"name\":\"Website - E-Nitiate\",\"isPartOf\":{\"@id\":\"https:\/\/e-nitiatemedia.com\/fi\/#website\"},\"datePublished\":\"2020-11-10T11:20:49+00:00\",\"dateModified\":\"2024-01-22T20:29:47+00:00\",\"breadcrumb\":{\"@id\":\"https:\/\/e-nitiatemedia.com\/website\/#breadcrumb\"},\"inLanguage\":\"fi\",\"potentialAction\":[{\"@type\":\"ReadAction\",\"target\":[\"https:\/\/e-nitiatemedia.com\/website\/\"]}]},{\"@type\":\"BreadcrumbList\",\"@id\":\"https:\/\/e-nitiatemedia.com\/website\/#breadcrumb\",\"itemListElement\":[{\"@type\":\"ListItem\",\"position\":1,\"name\":\"Home\",\"item\":\"https:\/\/e-nitiatemedia.com\/fi\/\"},{\"@type\":\"ListItem\",\"position\":2,\"name\":\"Website\"}]},{\"@type\":\"WebSite\",\"@id\":\"https:\/\/e-nitiatemedia.com\/fi\/#website\",\"url\":\"https:\/\/e-nitiatemedia.com\/fi\/\",\"name\":\"E-Nitiate\",\"description\":\"Unlock the full potential of your online presence with our results-driven digital marketing agency.\",\"publisher\":{\"@id\":\"https:\/\/e-nitiatemedia.com\/fi\/#organization\"},\"potentialAction\":[{\"@type\":\"SearchAction\",\"target\":{\"@type\":\"EntryPoint\",\"urlTemplate\":\"https:\/\/e-nitiatemedia.com\/fi\/?s={search_term_string}\"},\"query-input\":{\"@type\":\"PropertyValueSpecification\",\"valueRequired\":true,\"valueName\":\"search_term_string\"}}],\"inLanguage\":\"fi\"},{\"@type\":\"Organization\",\"@id\":\"https:\/\/e-nitiatemedia.com\/fi\/#organization\",\"name\":\"E-Nitiate\",\"url\":\"https:\/\/e-nitiatemedia.com\/fi\/\",\"logo\":{\"@type\":\"ImageObject\",\"inLanguage\":\"fi\",\"@id\":\"https:\/\/e-nitiatemedia.com\/fi\/#\/schema\/logo\/image\/\",\"url\":\"https:\/\/e-nitiatemedia.com\/wp-content\/uploads\/2020\/11\/cropped-logo-1.png\",\"contentUrl\":\"https:\/\/e-nitiatemedia.com\/wp-content\/uploads\/2020\/11\/cropped-logo-1.png\",\"width\":1333,\"height\":838,\"caption\":\"E-Nitiate\"},\"image\":{\"@id\":\"https:\/\/e-nitiatemedia.com\/fi\/#\/schema\/logo\/image\/\"}}]}<\/script>\n<!-- \/ Yoast SEO plugin. -->","yoast_head_json":{"title":"Website - E-Nitiate","robots":{"index":"index","follow":"follow","max-snippet":"max-snippet:-1","max-image-preview":"max-image-preview:large","max-video-preview":"max-video-preview:-1"},"canonical":"https:\/\/e-nitiatemedia.com\/fi\/website\/","og_locale":"fi_FI","og_type":"article","og_title":"Website - E-Nitiate","og_description":"Website Digital presence Online stores Campaign pages With 93% of business decisions starting with a search engine that means if you don&#8217;t have a website, you are only selling to 7% of your market. That is right, you are reducing the potential size of your business by 93%. Company&#8217;s website is the most important business [&hellip;]","og_url":"https:\/\/e-nitiatemedia.com\/fi\/website\/","og_site_name":"E-Nitiate","article_modified_time":"2024-01-22T20:29:47+00:00","twitter_card":"summary_large_image","twitter_misc":{"Arvioitu lukuaika":"2 minuuttia"},"schema":{"@context":"https:\/\/schema.org","@graph":[{"@type":"WebPage","@id":"https:\/\/e-nitiatemedia.com\/website\/","url":"https:\/\/e-nitiatemedia.com\/website\/","name":"Website - E-Nitiate","isPartOf":{"@id":"https:\/\/e-nitiatemedia.com\/fi\/#website"},"datePublished":"2020-11-10T11:20:49+00:00","dateModified":"2024-01-22T20:29:47+00:00","breadcrumb":{"@id":"https:\/\/e-nitiatemedia.com\/website\/#breadcrumb"},"inLanguage":"fi","potentialAction":[{"@type":"ReadAction","target":["https:\/\/e-nitiatemedia.com\/website\/"]}]},{"@type":"BreadcrumbList","@id":"https:\/\/e-nitiatemedia.com\/website\/#breadcrumb","itemListElement":[{"@type":"ListItem","position":1,"name":"Home","item":"https:\/\/e-nitiatemedia.com\/fi\/"},{"@type":"ListItem","position":2,"name":"Website"}]},{"@type":"WebSite","@id":"https:\/\/e-nitiatemedia.com\/fi\/#website","url":"https:\/\/e-nitiatemedia.com\/fi\/","name":"E-Nitiate","description":"Unlock the full potential of your online presence with our results-driven digital marketing agency.","publisher":{"@id":"https:\/\/e-nitiatemedia.com\/fi\/#organization"},"potentialAction":[{"@type":"SearchAction","target":{"@type":"EntryPoint","urlTemplate":"https:\/\/e-nitiatemedia.com\/fi\/?s={search_term_string}"},"query-input":{"@type":"PropertyValueSpecification","valueRequired":true,"valueName":"search_term_string"}}],"inLanguage":"fi"},{"@type":"Organization","@id":"https:\/\/e-nitiatemedia.com\/fi\/#organization","name":"E-Nitiate","url":"https:\/\/e-nitiatemedia.com\/fi\/","logo":{"@type":"ImageObject","inLanguage":"fi","@id":"https:\/\/e-nitiatemedia.com\/fi\/#\/schema\/logo\/image\/","url":"https:\/\/e-nitiatemedia.com\/wp-content\/uploads\/2020\/11\/cropped-logo-1.png","contentUrl":"https:\/\/e-nitiatemedia.com\/wp-content\/uploads\/2020\/11\/cropped-logo-1.png","width":1333,"height":838,"caption":"E-Nitiate"},"image":{"@id":"https:\/\/e-nitiatemedia.com\/fi\/#\/schema\/logo\/image\/"}}]}},"_links":{"self":[{"href":"https:\/\/e-nitiatemedia.com\/fi\/wp-json\/wp\/v2\/pages\/1618","targetHints":{"allow":["GET"]}}],"collection":[{"href":"https:\/\/e-nitiatemedia.com\/fi\/wp-json\/wp\/v2\/pages"}],"about":[{"href":"https:\/\/e-nitiatemedia.com\/fi\/wp-json\/wp\/v2\/types\/page"}],"author":[{"embeddable":true,"href":"https:\/\/e-nitiatemedia.com\/fi\/wp-json\/wp\/v2\/users\/3"}],"replies":[{"embeddable":true,"href":"https:\/\/e-nitiatemedia.com\/fi\/wp-json\/wp\/v2\/comments?post=1618"}],"version-history":[{"count":57,"href":"https:\/\/e-nitiatemedia.com\/fi\/wp-json\/wp\/v2\/pages\/1618\/revisions"}],"predecessor-version":[{"id":2681,"href":"https:\/\/e-nitiatemedia.com\/fi\/wp-json\/wp\/v2\/pages\/1618\/revisions\/2681"}],"wp:attachment":[{"href":"https:\/\/e-nitiatemedia.com\/fi\/wp-json\/wp\/v2\/media?parent=1618"}],"curies":[{"name":"wp","href":"https:\/\/api.w.org\/{rel}","templated":true}]}}