{"id":1129,"date":"2020-11-10T06:26:36","date_gmt":"2020-11-10T06:26:36","guid":{"rendered":"http:\/\/e-nitiate.com\/?page_id=1129"},"modified":"2023-03-15T14:10:31","modified_gmt":"2023-03-15T14:10:31","slug":"nda","status":"publish","type":"page","link":"https:\/\/e-nitiatemedia.com\/fi\/nda\/","title":{"rendered":"Salassapitosopimus"},"content":{"rendered":"<div data-elementor-type=\"wp-page\" data-elementor-id=\"1129\" class=\"elementor elementor-1129\">\n\t\t\t\t\t\t<section class=\"has_eae_slider elementor-section elementor-top-section elementor-element elementor-element-772737f elementor-section-boxed elementor-section-height-default elementor-section-height-default\" data-eae-slider=\"61133\" data-id=\"772737f\" data-element_type=\"section\" data-e-type=\"section\" data-settings=\"{&quot;background_background&quot;:&quot;classic&quot;}\">\n\t\t\t\t\t\t\t<div class=\"elementor-background-overlay\"><\/div>\n\t\t\t\t\t\t\t<div class=\"elementor-container elementor-column-gap-default\">\n\t\t\t\t\t<div class=\"has_eae_slider elementor-column elementor-col-100 elementor-top-column elementor-element elementor-element-1db352d\" data-eae-slider=\"6798\" data-id=\"1db352d\" data-element_type=\"column\" data-e-type=\"column\">\n\t\t\t<div class=\"elementor-widget-wrap elementor-element-populated\">\n\t\t\t\t\t\t<section class=\"has_eae_slider elementor-section elementor-inner-section elementor-element elementor-element-a67c995 custinrSecTitle elementor-section-boxed elementor-section-height-default elementor-section-height-default\" data-eae-slider=\"67571\" data-id=\"a67c995\" data-element_type=\"section\" data-e-type=\"section\">\n\t\t\t\t\t\t<div class=\"elementor-container elementor-column-gap-default\">\n\t\t\t\t\t<div class=\"has_eae_slider elementor-column elementor-col-100 elementor-inner-column elementor-element elementor-element-33f95f0\" data-eae-slider=\"86932\" data-id=\"33f95f0\" data-element_type=\"column\" data-e-type=\"column\">\n\t\t\t<div class=\"elementor-widget-wrap elementor-element-populated\">\n\t\t\t\t\t\t<div class=\"elementor-element elementor-element-81504c7 elementor-widget elementor-widget-heading\" data-id=\"81504c7\" data-element_type=\"widget\" data-e-type=\"widget\" data-widget_type=\"heading.default\">\n\t\t\t\t<div class=\"elementor-widget-container\">\n\t\t\t\t\t<h2 class=\"elementor-heading-title elementor-size-default\">Salassapitosopimus<\/h2>\t\t\t\t<\/div>\n\t\t\t\t<\/div>\n\t\t\t\t<div class=\"elementor-element elementor-element-9cb34c6 elementor-widget-divider--view-line elementor-widget elementor-widget-divider\" data-id=\"9cb34c6\" data-element_type=\"widget\" data-e-type=\"widget\" data-widget_type=\"divider.default\">\n\t\t\t\t<div class=\"elementor-widget-container\">\n\t\t\t\t\t\t\t<div class=\"elementor-divider\">\n\t\t\t<span class=\"elementor-divider-separator\">\n\t\t\t\t\t\t<\/span>\n\t\t<\/div>\n\t\t\t\t\t\t<\/div>\n\t\t\t\t<\/div>\n\t\t\t\t<div class=\"elementor-element elementor-element-e6edb04 custbnrlist elementor-icon-list--layout-traditional elementor-list-item-link-full_width elementor-widget elementor-widget-icon-list\" data-id=\"e6edb04\" data-element_type=\"widget\" data-e-type=\"widget\" data-widget_type=\"icon-list.default\">\n\t\t\t\t<div class=\"elementor-widget-container\">\n\t\t\t\t\t\t\t<ul class=\"elementor-icon-list-items\">\n\t\t\t\t\t\t\t<li class=\"elementor-icon-list-item\">\n\t\t\t\t\t\t\t\t\t\t<span class=\"elementor-icon-list-text\">Tiedot ovat voimaa. Pid\u00e4mme sinun turvallisena, turvallisena ja luottamuksellisena.<\/span>\n\t\t\t\t\t\t\t\t\t<\/li>\n\t\t\t\t\t\t<\/ul>\n\t\t\t\t\t\t<\/div>\n\t\t\t\t<\/div>\n\t\t\t\t\t<\/div>\n\t\t<\/div>\n\t\t\t\t\t<\/div>\n\t\t<\/section>\n\t\t\t\t\t<\/div>\n\t\t<\/div>\n\t\t\t\t\t<\/div>\n\t\t<\/section>\n\t\t\t\t<section class=\"has_eae_slider elementor-section elementor-top-section elementor-element elementor-element-08e8481 elementor-section-boxed elementor-section-height-default elementor-section-height-default\" data-eae-slider=\"18612\" data-id=\"08e8481\" data-element_type=\"section\" data-e-type=\"section\">\n\t\t\t\t\t\t<div class=\"elementor-container elementor-column-gap-default\">\n\t\t\t\t\t<div class=\"has_eae_slider elementor-column elementor-col-100 elementor-top-column elementor-element elementor-element-0a9513b\" data-eae-slider=\"18566\" data-id=\"0a9513b\" data-element_type=\"column\" data-e-type=\"column\">\n\t\t\t<div class=\"elementor-widget-wrap elementor-element-populated\">\n\t\t\t\t\t\t<section class=\"has_eae_slider elementor-section elementor-inner-section elementor-element elementor-element-1ac24f3 elementor-section-boxed elementor-section-height-default elementor-section-height-default\" data-eae-slider=\"41702\" data-id=\"1ac24f3\" data-element_type=\"section\" data-e-type=\"section\">\n\t\t\t\t\t\t<div class=\"elementor-container elementor-column-gap-default\">\n\t\t\t\t\t<div class=\"has_eae_slider elementor-column elementor-col-100 elementor-inner-column elementor-element elementor-element-39b924c\" data-eae-slider=\"11647\" data-id=\"39b924c\" data-element_type=\"column\" data-e-type=\"column\">\n\t\t\t<div class=\"elementor-widget-wrap elementor-element-populated\">\n\t\t\t\t\t\t<div class=\"elementor-element elementor-element-94b4e22 elementor-widget elementor-widget-heading\" data-id=\"94b4e22\" data-element_type=\"widget\" data-e-type=\"widget\" data-widget_type=\"heading.default\">\n\t\t\t\t<div class=\"elementor-widget-container\">\n\t\t\t\t\t<h2 class=\"elementor-heading-title elementor-size-default\">Salassapitosopimus\n\n<\/h2>\t\t\t\t<\/div>\n\t\t\t\t<\/div>\n\t\t\t\t<div class=\"elementor-element elementor-element-c50b8ae elementor-widget elementor-widget-heading\" data-id=\"c50b8ae\" data-element_type=\"widget\" data-e-type=\"widget\" data-widget_type=\"heading.default\">\n\t\t\t\t<div class=\"elementor-widget-container\">\n\t\t\t\t\t<p class=\"elementor-heading-title elementor-size-default\">Olemme yht\u00e4 huolestuneita kuin sin\u00e4kin tietoturvasta, ja siksi voimme taata, ett\u00e4 kaikki meille jakamasi omistamasi tiedot pidet\u00e4\u00e4n ehdottomasti luottamuksellisina. Salassapitosopimus on suunniteltu kattamaan kaikki varotoimet ja varautumiset, mutta jos haluat k\u00e4ytt\u00e4\u00e4 omaa NDA: ta, lataa oma ja tarkistamme sen mielell\u00e4mme.<\/p>\t\t\t\t<\/div>\n\t\t\t\t<\/div>\n\t\t\t\t<div class=\"elementor-element elementor-element-8f7f33e elementor-widget elementor-widget-heading\" data-id=\"8f7f33e\" data-element_type=\"widget\" data-e-type=\"widget\" data-widget_type=\"heading.default\">\n\t\t\t\t<div class=\"elementor-widget-container\">\n\t\t\t\t\t<p class=\"elementor-heading-title elementor-size-default\">T\u00e4m\u00e4n salassapitosopimuksen ovat tehneet ja solmineet 30. lokakuuta 2020 alkaen E-nitiate (j\u00e4ljemp\u00e4n\u00e4 \"yhti\u00f6\") ja X (j\u00e4ljemp\u00e4n\u00e4 \"asiakas\"), jotka yhdess\u00e4 tunnetaan nimell\u00e4 \"osapuolet\". Kaikki osapuolet m\u00e4\u00e4r\u00e4\u00e4v\u00e4t, ett\u00e4 t\u00e4m\u00e4 sopimus tehd\u00e4\u00e4n heid\u00e4n omien nimiens\u00e4 sek\u00e4 kaikkien tyt\u00e4ryhti\u00f6iden ja m\u00e4\u00e4r\u00e4ysvaltayhteis\u00f6jen puolesta. Hyv\u00e4st\u00e4 ja arvokkaasta vastineesta, jonka saaminen ja riitt\u00e4vyys tunnustetaan, osapuolet sopivat seuraavaa:<\/p>\t\t\t\t<\/div>\n\t\t\t\t<\/div>\n\t\t\t\t<div class=\"elementor-element elementor-element-e1f4f76 elementor-widget elementor-widget-text-editor\" data-id=\"e1f4f76\" data-element_type=\"widget\" data-e-type=\"widget\" data-widget_type=\"text-editor.default\">\n\t\t\t\t<div class=\"elementor-widget-container\">\n\t\t\t\t\t\t\t\t\t<ol><li>\u00a0<strong>Tarkoitus<\/strong> . Yhti\u00f6 ja asiakas sopivat keskustelevansa mahdollisesta liiketoimintamahdollisuudesta, jossa kukin voi paljastaa luottamuksellisia tai omistettuja tietoja toisilleen<\/li><li><strong>M\u00e4\u00e4ritelm\u00e4<\/strong> . \u201cLuottamuksellisilla tiedoilla\u201d tarkoitetaan mit\u00e4 tahansa tietoa, teknist\u00e4 tietoa tai taitotietoa, mukaan lukien, mutta ei rajoittuen, jotka liittyv\u00e4t tutkimukseen, tuotteisiin, palveluihin, asiakkaisiin, markkinoihin, ohjelmistoihin, kehitykseen, keksint\u00f6ihin, prosesseihin, malleihin, piirustuksiin, suunnitteluun, markkinointi tai talous, paljastettu suullisesti tai kirjallisesti tai s\u00e4hk\u00f6isess\u00e4 muodossa ja jonka ilmoituksen tekij\u00e4 on merkinnyt tai tunnistanut \u201comaksi\u201d tai \u201cluottamukselliseksi\u201d.<\/li><li><strong>Luottamuksellisten tietojen paljastaminen.<\/strong> Yhti\u00f6 ja Asiakas sopivat kumpikaan olemasta k\u00e4ytt\u00e4m\u00e4tt\u00e4 toisen osapuolen sille luovuttamia luottamuksellisia tietoja omaan k\u00e4ytt\u00f6\u00f6n tai mihink\u00e4\u00e4n muuhun tarkoitukseen paitsi keskustelujen k\u00e4ymiseksi ja n\u00e4iden kahden v\u00e4lisen liikesuhteen toteuttamiseksi. Luottamuksellisen tiedon vastaanottaja ei paljasta t\u00e4llaista luottamuksellista tietoa kenellek\u00e4\u00e4n, my\u00f6s kenellek\u00e4\u00e4n ty\u00f6ntekij\u00e4lle, jolla ei ole todistettavasti tarvetta kyseisiin tietoihin edell\u00e4 mainitussa liikesuhteessa. Luottamuksellisten tietojen vastaanottaja voi paljastaa t\u00e4llaisia tietoja tietyille ty\u00f6ntekij\u00f6ille, joilta edellytet\u00e4\u00e4n tietoja liiketoiminnan suorittamiseksi suunnitellulla ja sovitulla tavalla.<ul><li>Ajantasaisella kirjallisella ilmoituksella kumpikin osapuoli voi pyyt\u00e4\u00e4 toiselta luetteloa ty\u00f6ntekij\u00f6ist\u00e4, joille on luovutettu luottamuksellisia tietoja.<\/li><li>Kumpikin osapuoli sitoutuu ryhtym\u00e4\u00e4n kaikkiin kohtuullisiin toimiin toisen osapuolen luottamuksellisten tietojen suojaamiseksi ja v\u00e4ltt\u00e4miseksi, jotta estet\u00e4\u00e4n niiden joutuminen julkiseen tietoon tai luvattomien henkil\u00f6iden ja \/ tai yhteis\u00f6jen hallussapidoon.<\/li><li>Kumpikin osapuoli voi pyyt\u00e4\u00e4 ty\u00f6ntekij\u00f6it\u00e4 allekirjoittamaan erillisen ja yksitt\u00e4in sitovan julkistamattomuuden sopimuksen sis\u00e4ll\u00f6lt\u00e4\u00e4n olennaisesti t\u00e4m\u00e4n sopimuksen kanssa.<\/li><li>Kumpikin osapuoli sitoutuu ilmoittamaan toiselle kirjallisesti toisen osapuolen luottamuksellisen tiedon v\u00e4\u00e4rink\u00e4yt\u00f6st\u00e4 tai v\u00e4\u00e4rink\u00e4yt\u00f6st\u00e4, joka saattaa tulla sen tietoon.<\/li><\/ul><\/li><li><b>Omistusoikeus<\/b>. Kaikki luottamukselliset tiedot pysyv\u00e4t luovuttavan osapuolen yksinomaisena omaisuutena, eik\u00e4 vastaanottajalla ole oikeutta k\u00e4ytt\u00e4\u00e4 luottamuksellisia tietoja, paitsi t\u00e4ss\u00e4 mainituissa tapauksissa. T\u00e4ll\u00e4 sopimuksella ei luovuteta patentteja, tekij\u00e4noikeuksia, tavaramerkkej\u00e4 tai muita omistusoikeuksia tai lisenssej\u00e4 jaettujen luottamuksellisten tietojen suhteen.<\/li><li><b>Materiaalien palautus<\/b>. Materiaali ja asiakirjat, jotka osapuoli on toimittanut toisille osapuolille, palautetaan viipym\u00e4tt\u00e4 yhdess\u00e4 kaikkien j\u00e4ljenn\u00f6sten kanssa siit\u00e4, kun yritys on hyl\u00e4tty tai saatettu p\u00e4\u00e4t\u00f6kseen, tai jommankumman osapuolen kirjallisesta pyynn\u00f6st\u00e4.<\/li><li><b>Immateriaalioikeudet<\/b>. Mik\u00e4\u00e4n t\u00e4m\u00e4n sopimuksen tarkoitus ei ole antaa oikeuksia jommankumman osapuolen patentin tai tekij\u00e4noikeuden nojalla, eik\u00e4 t\u00e4m\u00e4 sopimus saa antaa kummallekaan osapuolelle mit\u00e4\u00e4n oikeuksia toisen osapuolen luottamuksellisiin tietoihin tai lukuun ottamatta rajoitettua oikeutta tarkistaa t\u00e4llaisia luottamuksellisia tietoja vain tarkoituksiin p\u00e4\u00e4tt\u00e4\u00e4 solmitaanko ehdotettu liikesuhde osapuolten v\u00e4lill\u00e4 ja harjoittaa t\u00e4llaista liiketoimintaa.<\/li><li><b>Itsen\u00e4inen kehitys<\/b>. Kukin luovuttava osapuoli ymm\u00e4rt\u00e4\u00e4, ett\u00e4 vastaanottava osapuoli voi t\u00e4ll\u00e4 hetkell\u00e4 tai tulevaisuudessa kehitt\u00e4\u00e4 tietoja sis\u00e4isesti tai vastaanottaa ulkopuolisilta osapuolilta tietoja, jotka voivat olla samoja tai samankaltaisia luovuttavan osapuolen luottamuksellisten tietojen kanssa. Vastaavasti mit\u00e4\u00e4n t\u00e4m\u00e4n sopimuksen m\u00e4\u00e4r\u00e4yksist\u00e4 ei tule tulkita edustukseksi tai p\u00e4\u00e4telm\u00e4ksi, ett\u00e4 vastaanottava osapuoli ei kehit\u00e4 tuotteita tai kehit\u00e4 sille tuotteita, jotka kilpailevat luovuttavan osapuolen luottamuksellisten tietojen k\u00e4sittelemien tuotteiden tai j\u00e4rjestelmien kanssa.<\/li><li><b>Termi<\/b>. T\u00e4m\u00e4 sopimus voidaan irtisanoa milloin tahansa 30 p\u00e4iv\u00e4\u00e4 ennen kirjallista ilmoitusta. T\u00e4m\u00e4 sopimus ja kaikki t\u00e4ss\u00e4 esitetyt oikeudet ja velvollisuudet p\u00e4\u00e4ttyv\u00e4t kahden (2) vuoden kuluttua t\u00e4m\u00e4n sopimuksen t\u00e4yt\u00e4nt\u00f6\u00f6npanop\u00e4iv\u00e4st\u00e4 tai molempien osapuolten v\u00e4lisen liiketoiminnan p\u00e4\u00e4ttymisest\u00e4 sen mukaan, kumpi n\u00e4ist\u00e4 osapuolista on.<\/li><li><b>Muut<\/b>. Ta\u0308ma\u0308 sopimus sitoo allekirjoittaneita osapuolia, heida\u0308n seuraajiaan ja luovutettavia tarpeita ja hyo\u0308dytta\u0308a\u0308 niita\u0308 edellytta\u0308en, etta\u0308 luottamuksellisia tietoja ei voida luovuttaa ilman luovuttavan osapuolen suostumusta. Minka\u0308a\u0308n ta\u0308ma\u0308n sopimuksen ma\u0308a\u0308ra\u0308yksen noudattamatta ja\u0308tta\u0308minen ei sina\u0308nsa\u0308 merkitse minka\u0308a\u0308n sopimuksen ehdon luopumista.<br \/>Ta\u0308ha\u0308n sopimukseen sovelletaan ja sita\u0308 tulkitaan ja pannaan ta\u0308yta\u0308nto\u0308o\u0308n Englannin lakien mukaisesti, kun niita\u0308 sovellettiin tehtyihin sopimuksiin ja suoritetaan kokonaan Englanissa. Englannin lailla on yksinomainen toimivalta ratkaista ta\u0308sta\u0308 sopimuksesta johtuvat erimielisyydet.<\/li><li><b>Oikeuskeinot<\/b>. Kumpikin osapuoli on yht\u00e4 mielt\u00e4 siit\u00e4, ett\u00e4 sen mukaiset velvoitteet ovat v\u00e4ltt\u00e4m\u00e4tt\u00f6mi\u00e4 ja kohtuullisia toisen osapuolen ja muiden osapuolten liiketoiminnan suojelemiseksi, ja suostuu nimenomaisesti siihen, ett\u00e4 rahalliset vahingot eiv\u00e4t olisi riitt\u00e4vi\u00e4 korvaamaan toiselle osapuolelle t\u00e4ss\u00e4 sopimuksessa m\u00e4\u00e4r\u00e4ttyjen sopimusten rikkomuksista. Vastaavasti kumpikin osapuoli on samaa mielt\u00e4 ja my\u00f6nt\u00e4\u00e4, ett\u00e4 t\u00e4llainen rikkomus tai uhkaava rikkomus aiheuttaa korvaamatonta vahinkoa toiselle osapuolelle ja ett\u00e4 muiden laissa, omassa tai muussa muodossa olevien oikeussuojakeinojen lis\u00e4ksi toisella osapuolella on oikeus saada kieltom\u00e4\u00e4r\u00e4yksi\u00e4 sopimuksen uhkaavasta rikkomisesta tai rikkomuksen jatkumisesta ilman, ett\u00e4 on tarpeen todistaa todellisia vahinkoja.<\/li><li><b>Ilmoitukset<\/b>. Kaikki alla olevat ilmoitukset l\u00e4hetet\u00e4\u00e4n osapuolelle osoitteessa j\u00e4ljemp\u00e4n\u00e4 m\u00e4\u00e4ritetylle yhteyshenkil\u00f6lle tai muulle osoitteelle tai yhteyshenkil\u00f6lle, jonka asianomainen osapuoli voi ajoittain m\u00e4\u00e4r\u00e4t\u00e4 t\u00e4m\u00e4n sopimuksen m\u00e4\u00e4r\u00e4ysten mukaisesti.<\/li><\/ol>\t\t\t\t\t\t\t\t<\/div>\n\t\t\t\t<\/div>\n\t\t\t\t\t<\/div>\n\t\t<\/div>\n\t\t\t\t\t<\/div>\n\t\t<\/section>\n\t\t\t\t\t<\/div>\n\t\t<\/div>\n\t\t\t\t\t<\/div>\n\t\t<\/section>\n\t\t\t\t<\/div>","protected":false},"excerpt":{"rendered":"<p>Non-disclosure agreement Information is power. We keep you safe, secure and confidential. Confidentiality agreement We are as concerned about data security as you are, which is why we can guarantee that any proprietary information you share with us will be kept strictly confidential. The NDA is designed to cover all precautions and precautions, but if [&hellip;]<\/p>\n","protected":false},"author":3,"featured_media":0,"parent":0,"menu_order":0,"comment_status":"closed","ping_status":"closed","template":"","meta":{"site-sidebar-layout":"no-sidebar","site-content-layout":"page-builder","ast-site-content-layout":"default","site-content-style":"default","site-sidebar-style":"default","ast-global-header-display":"","ast-banner-title-visibility":"","ast-main-header-display":"","ast-hfb-above-header-display":"","ast-hfb-below-header-display":"","ast-hfb-mobile-header-display":"","site-post-title":"disabled","ast-breadcrumbs-content":"disabled","ast-featured-img":"disabled","footer-sml-layout":"","ast-disable-related-posts":"","theme-transparent-header-meta":"default","adv-header-id-meta":"","stick-header-meta":"","header-above-stick-meta":"","header-main-stick-meta":"","header-below-stick-meta":"","astra-migrate-meta-layouts":"default","ast-page-background-enabled":"default","ast-page-background-meta":{"desktop":{"background-color":"","background-image":"","background-repeat":"repeat","background-position":"center center","background-size":"auto","background-attachment":"scroll","background-type":"","background-media":"","overlay-type":"","overlay-color":"","overlay-opacity":"","overlay-gradient":""},"tablet":{"background-color":"","background-image":"","background-repeat":"repeat","background-position":"center center","background-size":"auto","background-attachment":"scroll","background-type":"","background-media":"","overlay-type":"","overlay-color":"","overlay-opacity":"","overlay-gradient":""},"mobile":{"background-color":"","background-image":"","background-repeat":"repeat","background-position":"center center","background-size":"auto","background-attachment":"scroll","background-type":"","background-media":"","overlay-type":"","overlay-color":"","overlay-opacity":"","overlay-gradient":""}},"ast-content-background-meta":{"desktop":{"background-color":"var(--ast-global-color-5)","background-image":"","background-repeat":"repeat","background-position":"center center","background-size":"auto","background-attachment":"scroll","background-type":"","background-media":"","overlay-type":"","overlay-color":"","overlay-opacity":"","overlay-gradient":""},"tablet":{"background-color":"var(--ast-global-color-5)","background-image":"","background-repeat":"repeat","background-position":"center center","background-size":"auto","background-attachment":"scroll","background-type":"","background-media":"","overlay-type":"","overlay-color":"","overlay-opacity":"","overlay-gradient":""},"mobile":{"background-color":"var(--ast-global-color-5)","background-image":"","background-repeat":"repeat","background-position":"center center","background-size":"auto","background-attachment":"scroll","background-type":"","background-media":"","overlay-type":"","overlay-color":"","overlay-opacity":"","overlay-gradient":""}},"footnotes":""},"class_list":["post-1129","page","type-page","status-publish","hentry"],"yoast_head":"<!-- This site is optimized with the Yoast SEO plugin v27.1.1 - https:\/\/yoast.com\/product\/yoast-seo-wordpress\/ -->\n<title>Salassapitosopimus - E-Nitiate<\/title>\n<meta name=\"robots\" content=\"index, follow, max-snippet:-1, max-image-preview:large, max-video-preview:-1\" \/>\n<link rel=\"canonical\" href=\"https:\/\/e-nitiatemedia.com\/fi\/nda\/\" \/>\n<meta property=\"og:locale\" content=\"fi_FI\" \/>\n<meta property=\"og:type\" content=\"article\" \/>\n<meta property=\"og:title\" content=\"Salassapitosopimus - E-Nitiate\" \/>\n<meta property=\"og:description\" content=\"Non-disclosure agreement Information is power. We keep you safe, secure and confidential. Confidentiality agreement We are as concerned about data security as you are, which is why we can guarantee that any proprietary information you share with us will be kept strictly confidential. The NDA is designed to cover all precautions and precautions, but if [&hellip;]\" \/>\n<meta property=\"og:url\" content=\"https:\/\/e-nitiatemedia.com\/fi\/nda\/\" \/>\n<meta property=\"og:site_name\" content=\"E-Nitiate\" \/>\n<meta property=\"article:modified_time\" content=\"2023-03-15T14:10:31+00:00\" \/>\n<meta name=\"twitter:card\" content=\"summary_large_image\" \/>\n<meta name=\"twitter:label1\" content=\"Arvioitu lukuaika\" \/>\n\t<meta name=\"twitter:data1\" content=\"5 minuuttia\" \/>\n<script type=\"application\/ld+json\" class=\"yoast-schema-graph\">{\"@context\":\"https:\/\/schema.org\",\"@graph\":[{\"@type\":\"WebPage\",\"@id\":\"https:\/\/e-nitiatemedia.com\/nda\/\",\"url\":\"https:\/\/e-nitiatemedia.com\/nda\/\",\"name\":\"Salassapitosopimus - E-Nitiate\",\"isPartOf\":{\"@id\":\"https:\/\/e-nitiatemedia.com\/fi\/#website\"},\"datePublished\":\"2020-11-10T06:26:36+00:00\",\"dateModified\":\"2023-03-15T14:10:31+00:00\",\"breadcrumb\":{\"@id\":\"https:\/\/e-nitiatemedia.com\/nda\/#breadcrumb\"},\"inLanguage\":\"fi\",\"potentialAction\":[{\"@type\":\"ReadAction\",\"target\":[\"https:\/\/e-nitiatemedia.com\/nda\/\"]}]},{\"@type\":\"BreadcrumbList\",\"@id\":\"https:\/\/e-nitiatemedia.com\/nda\/#breadcrumb\",\"itemListElement\":[{\"@type\":\"ListItem\",\"position\":1,\"name\":\"Home\",\"item\":\"https:\/\/e-nitiatemedia.com\/fi\/\"},{\"@type\":\"ListItem\",\"position\":2,\"name\":\"Salassapitosopimus\"}]},{\"@type\":\"WebSite\",\"@id\":\"https:\/\/e-nitiatemedia.com\/fi\/#website\",\"url\":\"https:\/\/e-nitiatemedia.com\/fi\/\",\"name\":\"E-Nitiate\",\"description\":\"Unlock the full potential of your online presence with our results-driven digital marketing agency.\",\"publisher\":{\"@id\":\"https:\/\/e-nitiatemedia.com\/fi\/#organization\"},\"potentialAction\":[{\"@type\":\"SearchAction\",\"target\":{\"@type\":\"EntryPoint\",\"urlTemplate\":\"https:\/\/e-nitiatemedia.com\/fi\/?s={search_term_string}\"},\"query-input\":{\"@type\":\"PropertyValueSpecification\",\"valueRequired\":true,\"valueName\":\"search_term_string\"}}],\"inLanguage\":\"fi\"},{\"@type\":\"Organization\",\"@id\":\"https:\/\/e-nitiatemedia.com\/fi\/#organization\",\"name\":\"E-Nitiate\",\"url\":\"https:\/\/e-nitiatemedia.com\/fi\/\",\"logo\":{\"@type\":\"ImageObject\",\"inLanguage\":\"fi\",\"@id\":\"https:\/\/e-nitiatemedia.com\/fi\/#\/schema\/logo\/image\/\",\"url\":\"https:\/\/e-nitiatemedia.com\/wp-content\/uploads\/2020\/11\/cropped-logo-1.png\",\"contentUrl\":\"https:\/\/e-nitiatemedia.com\/wp-content\/uploads\/2020\/11\/cropped-logo-1.png\",\"width\":1333,\"height\":838,\"caption\":\"E-Nitiate\"},\"image\":{\"@id\":\"https:\/\/e-nitiatemedia.com\/fi\/#\/schema\/logo\/image\/\"}}]}<\/script>\n<!-- \/ Yoast SEO plugin. -->","yoast_head_json":{"title":"Salassapitosopimus - E-Nitiate","robots":{"index":"index","follow":"follow","max-snippet":"max-snippet:-1","max-image-preview":"max-image-preview:large","max-video-preview":"max-video-preview:-1"},"canonical":"https:\/\/e-nitiatemedia.com\/fi\/nda\/","og_locale":"fi_FI","og_type":"article","og_title":"Salassapitosopimus - E-Nitiate","og_description":"Non-disclosure agreement Information is power. We keep you safe, secure and confidential. Confidentiality agreement We are as concerned about data security as you are, which is why we can guarantee that any proprietary information you share with us will be kept strictly confidential. The NDA is designed to cover all precautions and precautions, but if [&hellip;]","og_url":"https:\/\/e-nitiatemedia.com\/fi\/nda\/","og_site_name":"E-Nitiate","article_modified_time":"2023-03-15T14:10:31+00:00","twitter_card":"summary_large_image","twitter_misc":{"Arvioitu lukuaika":"5 minuuttia"},"schema":{"@context":"https:\/\/schema.org","@graph":[{"@type":"WebPage","@id":"https:\/\/e-nitiatemedia.com\/nda\/","url":"https:\/\/e-nitiatemedia.com\/nda\/","name":"Salassapitosopimus - E-Nitiate","isPartOf":{"@id":"https:\/\/e-nitiatemedia.com\/fi\/#website"},"datePublished":"2020-11-10T06:26:36+00:00","dateModified":"2023-03-15T14:10:31+00:00","breadcrumb":{"@id":"https:\/\/e-nitiatemedia.com\/nda\/#breadcrumb"},"inLanguage":"fi","potentialAction":[{"@type":"ReadAction","target":["https:\/\/e-nitiatemedia.com\/nda\/"]}]},{"@type":"BreadcrumbList","@id":"https:\/\/e-nitiatemedia.com\/nda\/#breadcrumb","itemListElement":[{"@type":"ListItem","position":1,"name":"Home","item":"https:\/\/e-nitiatemedia.com\/fi\/"},{"@type":"ListItem","position":2,"name":"Salassapitosopimus"}]},{"@type":"WebSite","@id":"https:\/\/e-nitiatemedia.com\/fi\/#website","url":"https:\/\/e-nitiatemedia.com\/fi\/","name":"E-Nitiate","description":"Unlock the full potential of your online presence with our results-driven digital marketing agency.","publisher":{"@id":"https:\/\/e-nitiatemedia.com\/fi\/#organization"},"potentialAction":[{"@type":"SearchAction","target":{"@type":"EntryPoint","urlTemplate":"https:\/\/e-nitiatemedia.com\/fi\/?s={search_term_string}"},"query-input":{"@type":"PropertyValueSpecification","valueRequired":true,"valueName":"search_term_string"}}],"inLanguage":"fi"},{"@type":"Organization","@id":"https:\/\/e-nitiatemedia.com\/fi\/#organization","name":"E-Nitiate","url":"https:\/\/e-nitiatemedia.com\/fi\/","logo":{"@type":"ImageObject","inLanguage":"fi","@id":"https:\/\/e-nitiatemedia.com\/fi\/#\/schema\/logo\/image\/","url":"https:\/\/e-nitiatemedia.com\/wp-content\/uploads\/2020\/11\/cropped-logo-1.png","contentUrl":"https:\/\/e-nitiatemedia.com\/wp-content\/uploads\/2020\/11\/cropped-logo-1.png","width":1333,"height":838,"caption":"E-Nitiate"},"image":{"@id":"https:\/\/e-nitiatemedia.com\/fi\/#\/schema\/logo\/image\/"}}]}},"_links":{"self":[{"href":"https:\/\/e-nitiatemedia.com\/fi\/wp-json\/wp\/v2\/pages\/1129","targetHints":{"allow":["GET"]}}],"collection":[{"href":"https:\/\/e-nitiatemedia.com\/fi\/wp-json\/wp\/v2\/pages"}],"about":[{"href":"https:\/\/e-nitiatemedia.com\/fi\/wp-json\/wp\/v2\/types\/page"}],"author":[{"embeddable":true,"href":"https:\/\/e-nitiatemedia.com\/fi\/wp-json\/wp\/v2\/users\/3"}],"replies":[{"embeddable":true,"href":"https:\/\/e-nitiatemedia.com\/fi\/wp-json\/wp\/v2\/comments?post=1129"}],"version-history":[{"count":140,"href":"https:\/\/e-nitiatemedia.com\/fi\/wp-json\/wp\/v2\/pages\/1129\/revisions"}],"predecessor-version":[{"id":2555,"href":"https:\/\/e-nitiatemedia.com\/fi\/wp-json\/wp\/v2\/pages\/1129\/revisions\/2555"}],"wp:attachment":[{"href":"https:\/\/e-nitiatemedia.com\/fi\/wp-json\/wp\/v2\/media?parent=1129"}],"curies":[{"name":"wp","href":"https:\/\/api.w.org\/{rel}","templated":true}]}}